{"id":3409,"date":"2021-04-07T08:25:07","date_gmt":"2021-04-07T06:25:07","guid":{"rendered":"https:\/\/barlateysarl.ch\/?page_id=3409"},"modified":"2026-03-03T09:37:12","modified_gmt":"2026-03-03T08:37:12","slug":"home6-2-2","status":"publish","type":"page","link":"https:\/\/barlateysarl.ch\/?page_id=3409","title":{"rendered":"Analyse"},"content":{"rendered":"\t\t<div data-elementor-type=\"wp-page\" data-elementor-id=\"3409\" class=\"elementor elementor-3409\" data-elementor-settings=\"[]\">\n\t\t\t\t\t\t\t<div class=\"elementor-section-wrap\">\n\t\t\t\t\t\t\t<section class=\"elementor-section elementor-top-section elementor-element elementor-element-df3f8b6 elementor-section-full_width elementor-section-stretched elementor-section-height-default elementor-section-height-default\" data-id=\"df3f8b6\" data-element_type=\"section\" data-settings=\"{&quot;stretch_section&quot;:&quot;section-stretched&quot;,&quot;background_background&quot;:&quot;classic&quot;,&quot;ekit_has_onepagescroll_dot&quot;:&quot;yes&quot;}\">\n\t\t\t\t\t\t<div class=\"elementor-container elementor-column-gap-default\">\n\t\t\t\t\t<div class=\"elementor-column elementor-col-100 elementor-top-column elementor-element elementor-element-30faa6d\" data-id=\"30faa6d\" data-element_type=\"column\">\n\t\t\t<div class=\"elementor-widget-wrap elementor-element-populated\">\n\t\t\t\t\t\t\t\t<div class=\"elementor-element elementor-element-8e34d2c elementor-nav-menu--indicator-classic elementor-nav-menu--dropdown-tablet elementor-nav-menu__text-align-aside elementor-nav-menu--toggle elementor-nav-menu--burger elementor-widget elementor-widget-nav-menu\" data-id=\"8e34d2c\" data-element_type=\"widget\" data-settings=\"{&quot;layout&quot;:&quot;horizontal&quot;,&quot;toggle&quot;:&quot;burger&quot;}\" data-widget_type=\"nav-menu.default\">\n\t\t\t\t<div class=\"elementor-widget-container\">\n\t\t\t\t\t\t<nav role=\"navigation\" class=\"elementor-nav-menu--main elementor-nav-menu__container elementor-nav-menu--layout-horizontal e--pointer-underline e--animation-fade\"><ul id=\"menu-1-8e34d2c\" class=\"elementor-nav-menu\"><li class=\"menu-item menu-item-type-post_type menu-item-object-page menu-item-home menu-item-2944\"><a href=\"https:\/\/barlateysarl.ch\/\" class=\"elementor-item\">TARIFS DU JOUR<\/a><\/li>\n<li class=\"menu-item menu-item-type-post_type menu-item-object-page menu-item-3114\"><a href=\"https:\/\/barlateysarl.ch\/?page_id=2828\" class=\"elementor-item\">L&rsquo;ENTREPRISE<\/a><\/li>\n<li class=\"menu-item menu-item-type-post_type menu-item-object-page menu-item-3115\"><a href=\"https:\/\/barlateysarl.ch\/?page_id=3104\" class=\"elementor-item\">LES PRODUITS<\/a><\/li>\n<li class=\"menu-item menu-item-type-post_type menu-item-object-page menu-item-3428\"><a href=\"https:\/\/barlateysarl.ch\/?page_id=3409\" class=\"elementor-item\">ANALYSE DU MARCH\u00c9<\/a><\/li>\n<li class=\"menu-item menu-item-type-post_type menu-item-object-page menu-item-3112\"><a href=\"https:\/\/barlateysarl.ch\/?page_id=3108\" class=\"elementor-item\">FORMULAIRE DE COMMANDE<\/a><\/li>\n<li class=\"menu-item menu-item-type-post_type menu-item-object-page menu-item-3113\"><a href=\"https:\/\/barlateysarl.ch\/?page_id=3110\" class=\"elementor-item\">NOUS CONTACTER<\/a><\/li>\n<li class=\"menu-item menu-item-type-custom menu-item-object-custom menu-item-3116\"><a href=\"https:\/\/www.facebook.com\/barlateysarl\" class=\"elementor-item\">FACEBOOK<\/a><\/li>\n<\/ul><\/nav>\n\t\t\t\t\t<div class=\"elementor-menu-toggle\" role=\"button\" tabindex=\"0\" aria-label=\"Menu Toggle\" aria-expanded=\"false\">\n\t\t\t<i class=\"eicon-menu-bar\" aria-hidden=\"true\"><\/i>\n\t\t\t<span class=\"elementor-screen-only\">Menu<\/span>\n\t\t<\/div>\n\t\t\t<nav class=\"elementor-nav-menu--dropdown elementor-nav-menu__container\" role=\"navigation\" aria-hidden=\"true\"><ul id=\"menu-2-8e34d2c\" class=\"elementor-nav-menu\"><li class=\"menu-item menu-item-type-post_type menu-item-object-page menu-item-home menu-item-2944\"><a href=\"https:\/\/barlateysarl.ch\/\" class=\"elementor-item\">TARIFS DU JOUR<\/a><\/li>\n<li class=\"menu-item menu-item-type-post_type menu-item-object-page menu-item-3114\"><a href=\"https:\/\/barlateysarl.ch\/?page_id=2828\" class=\"elementor-item\">L&rsquo;ENTREPRISE<\/a><\/li>\n<li class=\"menu-item menu-item-type-post_type menu-item-object-page menu-item-3115\"><a href=\"https:\/\/barlateysarl.ch\/?page_id=3104\" class=\"elementor-item\">LES PRODUITS<\/a><\/li>\n<li class=\"menu-item menu-item-type-post_type menu-item-object-page menu-item-3428\"><a href=\"https:\/\/barlateysarl.ch\/?page_id=3409\" class=\"elementor-item\">ANALYSE DU MARCH\u00c9<\/a><\/li>\n<li class=\"menu-item menu-item-type-post_type menu-item-object-page menu-item-3112\"><a href=\"https:\/\/barlateysarl.ch\/?page_id=3108\" class=\"elementor-item\">FORMULAIRE DE COMMANDE<\/a><\/li>\n<li class=\"menu-item menu-item-type-post_type menu-item-object-page menu-item-3113\"><a href=\"https:\/\/barlateysarl.ch\/?page_id=3110\" class=\"elementor-item\">NOUS CONTACTER<\/a><\/li>\n<li class=\"menu-item menu-item-type-custom menu-item-object-custom menu-item-3116\"><a href=\"https:\/\/www.facebook.com\/barlateysarl\" class=\"elementor-item\">FACEBOOK<\/a><\/li>\n<\/ul><\/nav>\n\t\t\t\t<\/div>\n\t\t\t\t<\/div>\n\t\t\t\t\t<\/div>\n\t\t<\/div>\n\t\t\t\t\t\t\t<\/div>\n\t\t<\/section>\n\t\t\t\t<section class=\"elementor-section elementor-top-section elementor-element elementor-element-aa8e284 elementor-section-boxed elementor-section-height-default elementor-section-height-default\" data-id=\"aa8e284\" data-element_type=\"section\" data-settings=\"{&quot;ekit_has_onepagescroll_dot&quot;:&quot;yes&quot;}\">\n\t\t\t\t\t\t<div class=\"elementor-container elementor-column-gap-default\">\n\t\t\t\t\t<div class=\"elementor-column elementor-col-100 elementor-top-column elementor-element elementor-element-f694b09\" data-id=\"f694b09\" data-element_type=\"column\">\n\t\t\t<div class=\"elementor-widget-wrap elementor-element-populated\">\n\t\t\t\t\t\t\t\t<div class=\"elementor-element elementor-element-1f5e728 elementor-widget elementor-widget-spacer\" data-id=\"1f5e728\" data-element_type=\"widget\" data-widget_type=\"spacer.default\">\n\t\t\t\t<div class=\"elementor-widget-container\">\n\t\t\t\t\t<div class=\"elementor-spacer\">\n\t\t\t<div class=\"elementor-spacer-inner\"><\/div>\n\t\t<\/div>\n\t\t\t\t<\/div>\n\t\t\t\t<\/div>\n\t\t\t\t<div class=\"elementor-element elementor-element-0a06e9c elementor-headline--style-highlight elementor-widget elementor-widget-animated-headline\" data-id=\"0a06e9c\" data-element_type=\"widget\" data-settings=\"{&quot;highlighted_text&quot;:&quot;ANALYSE DU MARCH\\u00c9&quot;,&quot;headline_style&quot;:&quot;highlight&quot;,&quot;marker&quot;:&quot;circle&quot;}\" data-widget_type=\"animated-headline.default\">\n\t\t\t\t<div class=\"elementor-widget-container\">\n\t\t\t\t\t<h3 class=\"elementor-headline\">\n\t\t\t\t\t\t<span class=\"elementor-headline-dynamic-wrapper elementor-headline-text-wrapper\"><\/span>\n\t\t\t\t\t<\/h3>\n\t\t\t\t<\/div>\n\t\t\t\t<\/div>\n\t\t\t\t<div class=\"elementor-element elementor-element-a16d242 elementor-widget elementor-widget-spacer\" data-id=\"a16d242\" data-element_type=\"widget\" data-widget_type=\"spacer.default\">\n\t\t\t\t<div class=\"elementor-widget-container\">\n\t\t\t\t\t<div class=\"elementor-spacer\">\n\t\t\t<div class=\"elementor-spacer-inner\"><\/div>\n\t\t<\/div>\n\t\t\t\t<\/div>\n\t\t\t\t<\/div>\n\t\t\t\t\t<\/div>\n\t\t<\/div>\n\t\t\t\t\t\t\t<\/div>\n\t\t<\/section>\n\t\t\t\t<section class=\"elementor-section elementor-top-section elementor-element elementor-element-2e50f72 elementor-section-boxed elementor-section-height-default elementor-section-height-default\" data-id=\"2e50f72\" data-element_type=\"section\" data-settings=\"{&quot;ekit_has_onepagescroll_dot&quot;:&quot;yes&quot;}\">\n\t\t\t\t\t\t<div class=\"elementor-container elementor-column-gap-default\">\n\t\t\t\t\t<div class=\"elementor-column elementor-col-20 elementor-top-column elementor-element elementor-element-c7023ba\" data-id=\"c7023ba\" data-element_type=\"column\">\n\t\t\t<div class=\"elementor-widget-wrap elementor-element-populated\">\n\t\t\t\t\t\t\t\t<div class=\"elementor-element elementor-element-1280bd1 elementor-widget elementor-widget-image\" data-id=\"1280bd1\" data-element_type=\"widget\" data-widget_type=\"image.default\">\n\t\t\t\t<div class=\"elementor-widget-container\">\n\t\t\t\t\t<div class=\"elementor-image\">\n\t\t\t\t\t\t\t\t\t\t<img loading=\"lazy\" decoding=\"async\" width=\"273\" height=\"185\" src=\"https:\/\/barlateysarl.ch\/wp-content\/uploads\/2021\/04\/bourse-1.jpg\" class=\"attachment-large size-large\" alt=\"\" \/>\t\t\t\t\t\t\t\t\t\t\t<\/div>\n\t\t\t\t<\/div>\n\t\t\t\t<\/div>\n\t\t\t\t\t<\/div>\n\t\t<\/div>\n\t\t\t\t<div class=\"elementor-column elementor-col-20 elementor-top-column elementor-element elementor-element-6812c50\" data-id=\"6812c50\" data-element_type=\"column\">\n\t\t\t<div class=\"elementor-widget-wrap elementor-element-populated\">\n\t\t\t\t\t\t\t\t<div class=\"elementor-element elementor-element-9bd6d1b elementor-widget elementor-widget-image\" data-id=\"9bd6d1b\" data-element_type=\"widget\" data-widget_type=\"image.default\">\n\t\t\t\t<div class=\"elementor-widget-container\">\n\t\t\t\t\t<div class=\"elementor-image\">\n\t\t\t\t\t\t\t\t\t\t<img loading=\"lazy\" decoding=\"async\" width=\"275\" height=\"183\" src=\"https:\/\/barlateysarl.ch\/wp-content\/uploads\/2021\/04\/bourse-pe\u0301trole-4.jpg\" class=\"attachment-large size-large\" alt=\"\" \/>\t\t\t\t\t\t\t\t\t\t\t<\/div>\n\t\t\t\t<\/div>\n\t\t\t\t<\/div>\n\t\t\t\t\t<\/div>\n\t\t<\/div>\n\t\t\t\t<div class=\"elementor-column elementor-col-20 elementor-top-column elementor-element elementor-element-74666db\" data-id=\"74666db\" data-element_type=\"column\">\n\t\t\t<div class=\"elementor-widget-wrap elementor-element-populated\">\n\t\t\t\t\t\t\t\t<div class=\"elementor-element elementor-element-8a12544 elementor-widget elementor-widget-image\" data-id=\"8a12544\" data-element_type=\"widget\" data-widget_type=\"image.default\">\n\t\t\t\t<div class=\"elementor-widget-container\">\n\t\t\t\t\t<div class=\"elementor-image\">\n\t\t\t\t\t\t\t\t\t\t<img loading=\"lazy\" decoding=\"async\" width=\"275\" height=\"183\" src=\"https:\/\/barlateysarl.ch\/wp-content\/uploads\/2021\/04\/bourse-pe\u0301trole12.jpg\" class=\"attachment-large size-large\" alt=\"\" \/>\t\t\t\t\t\t\t\t\t\t\t<\/div>\n\t\t\t\t<\/div>\n\t\t\t\t<\/div>\n\t\t\t\t\t<\/div>\n\t\t<\/div>\n\t\t\t\t<div class=\"elementor-column elementor-col-20 elementor-top-column elementor-element elementor-element-27ecb67\" data-id=\"27ecb67\" data-element_type=\"column\">\n\t\t\t<div class=\"elementor-widget-wrap elementor-element-populated\">\n\t\t\t\t\t\t\t\t<div class=\"elementor-element elementor-element-8227974 elementor-widget elementor-widget-image\" data-id=\"8227974\" data-element_type=\"widget\" data-widget_type=\"image.default\">\n\t\t\t\t<div class=\"elementor-widget-container\">\n\t\t\t\t\t<div class=\"elementor-image\">\n\t\t\t\t\t\t\t\t\t\t<img loading=\"lazy\" decoding=\"async\" width=\"275\" height=\"183\" src=\"https:\/\/barlateysarl.ch\/wp-content\/uploads\/2021\/04\/bourse-pe\u0301trole3.jpg\" class=\"attachment-large size-large\" alt=\"\" \/>\t\t\t\t\t\t\t\t\t\t\t<\/div>\n\t\t\t\t<\/div>\n\t\t\t\t<\/div>\n\t\t\t\t\t<\/div>\n\t\t<\/div>\n\t\t\t\t<div class=\"elementor-column elementor-col-20 elementor-top-column elementor-element elementor-element-aaf7b3f\" data-id=\"aaf7b3f\" data-element_type=\"column\">\n\t\t\t<div class=\"elementor-widget-wrap elementor-element-populated\">\n\t\t\t\t\t\t\t\t<div class=\"elementor-element elementor-element-851f5c0 elementor-widget elementor-widget-image\" data-id=\"851f5c0\" data-element_type=\"widget\" data-widget_type=\"image.default\">\n\t\t\t\t<div class=\"elementor-widget-container\">\n\t\t\t\t\t<div class=\"elementor-image\">\n\t\t\t\t\t\t\t\t\t\t<img loading=\"lazy\" decoding=\"async\" width=\"275\" height=\"183\" src=\"https:\/\/barlateysarl.ch\/wp-content\/uploads\/2021\/04\/bourse-pe\u0301trole1.jpg\" class=\"attachment-large size-large\" alt=\"\" \/>\t\t\t\t\t\t\t\t\t\t\t<\/div>\n\t\t\t\t<\/div>\n\t\t\t\t<\/div>\n\t\t\t\t\t<\/div>\n\t\t<\/div>\n\t\t\t\t\t\t\t<\/div>\n\t\t<\/section>\n\t\t\t\t<section class=\"elementor-section elementor-top-section elementor-element elementor-element-83fb010 elementor-section-boxed elementor-section-height-default elementor-section-height-default\" data-id=\"83fb010\" data-element_type=\"section\" data-settings=\"{&quot;ekit_has_onepagescroll_dot&quot;:&quot;yes&quot;}\">\n\t\t\t\t\t\t<div class=\"elementor-container elementor-column-gap-default\">\n\t\t\t\t\t<div class=\"elementor-column elementor-col-100 elementor-top-column elementor-element elementor-element-789b50c\" data-id=\"789b50c\" data-element_type=\"column\">\n\t\t\t<div class=\"elementor-widget-wrap elementor-element-populated\">\n\t\t\t\t\t\t\t\t<div class=\"elementor-element elementor-element-b9d2aea elementor-widget elementor-widget-text-editor\" data-id=\"b9d2aea\" data-element_type=\"widget\" data-widget_type=\"text-editor.default\">\n\t\t\t\t<div class=\"elementor-widget-container\">\n\t\t\t\t\t<div class=\"elementor-text-editor elementor-clearfix\"><h2 style=\"text-align: justify;\">Analyse de march\u00e9 du 03.03.2026<\/h2><div class=\"marktnews__lead\" style=\"text-align: justify;\"><div class=\"Y3BBE\" data-sfc-cp=\"\" data-hveid=\"CAEQAA\" data-processed=\"true\"><h3 style=\"text-align: justify;\">Bourse \/ Situation mondiale \/ Politique \/ etc.<\/h3><p style=\"text-align: justify;\">En d\u00e9but de s\u00e9ance, les prix du p\u00e9trole ont d\u00e9marr\u00e9 \u00e0 la hausse. Bien que des informations concernant des attaques contre des navires dans le d\u00e9troit d&rsquo;Ormuz aient d\u00e9j\u00e0 circul\u00e9 lundi matin, aucune fermeture effective de ce passage maritime si important pour le commerce international de p\u00e9trole et de gaz par l&rsquo;Iran n&rsquo;avait \u00e9t\u00e9 initialement signal\u00e9e. Entre-temps, le d\u00e9troit d&rsquo;Ormuz a \u00e9t\u00e9 ferm\u00e9 \u00e0 la navigation internationale. Cette mesure a \u00e9t\u00e9 prise par la capitale iranienne T\u00e9h\u00e9ran. C&rsquo;est ce qu&rsquo;a annonc\u00e9 Ebrahim Jabbari, conseiller du commandant des Gardiens de la R\u00e9volution islamique, aux m\u00e9dias iraniens.<\/p><h3 style=\"text-align: justify;\">USD \/ CHF<\/h3><p style=\"text-align: justify;\">Mardi matin, le dollar s&rsquo;\u00e9changeait \u00e0 CHF 0.7818, soit plus haut que lundi matin. Alors que le billet vert se stabilisait, les pertes de cours sont rest\u00e9es limit\u00e9es apr\u00e8s l&rsquo;escalade au Moyen-Orient. Les analystes ont attribu\u00e9 cela au fait que les investisseurs avaient anticip\u00e9 un conflit et s&rsquo;attendaient \u00e0 un affrontement militaire de courte dur\u00e9e.<\/p><h3 style=\"text-align: justify;\">Notre recommandation<\/h3><p style=\"text-align: justify;\">Une guerre d&rsquo;agression am\u00e9ricaine contre l&rsquo;Iran n&rsquo;aurait pas seulement des cons\u00e9quences sur le commerce international du p\u00e9trole. Elle a \u00e9galement un impact sur la production de gaz en Iran et dans d&rsquo;autres pays de la r\u00e9gion. Ainsi, l&rsquo;entreprise QatarEnergy a suspendu la production de gaz naturel liqu\u00e9fi\u00e9 (GNL) ainsi que d&rsquo;autres produits dans ses installations de Ras Laffan et Mesaieed. Ces installations ont \u00e9t\u00e9 la cible d&rsquo;attaques.<\/p><\/div><\/div><\/div>\n\t\t\t\t<\/div>\n\t\t\t\t<\/div>\n\t\t\t\t\t<\/div>\n\t\t<\/div>\n\t\t\t\t\t\t\t<\/div>\n\t\t<\/section>\n\t\t\t\t<section class=\"elementor-section elementor-top-section elementor-element elementor-element-d8e2796 elementor-section-boxed elementor-section-height-default elementor-section-height-default\" data-id=\"d8e2796\" data-element_type=\"section\" data-settings=\"{&quot;ekit_has_onepagescroll_dot&quot;:&quot;yes&quot;}\">\n\t\t\t\t\t\t<div class=\"elementor-container elementor-column-gap-default\">\n\t\t\t\t\t<div class=\"elementor-column elementor-col-20 elementor-top-column elementor-element elementor-element-9890b2d\" data-id=\"9890b2d\" data-element_type=\"column\">\n\t\t\t<div class=\"elementor-widget-wrap elementor-element-populated\">\n\t\t\t\t\t\t\t\t<div class=\"elementor-element elementor-element-28bd76d elementor-widget elementor-widget-image\" data-id=\"28bd76d\" data-element_type=\"widget\" data-widget_type=\"image.default\">\n\t\t\t\t<div class=\"elementor-widget-container\">\n\t\t\t\t\t<div class=\"elementor-image\">\n\t\t\t\t\t\t\t\t\t\t<img loading=\"lazy\" decoding=\"async\" width=\"612\" height=\"408\" src=\"https:\/\/barlateysarl.ch\/wp-content\/uploads\/2021\/04\/Analyse2.jpeg\" class=\"attachment-large size-large\" alt=\"\" srcset=\"https:\/\/barlateysarl.ch\/wp-content\/uploads\/2021\/04\/Analyse2.jpeg 612w, https:\/\/barlateysarl.ch\/wp-content\/uploads\/2021\/04\/Analyse2-300x200.jpeg 300w\" sizes=\"auto, (max-width: 612px) 100vw, 612px\" \/>\t\t\t\t\t\t\t\t\t\t\t<\/div>\n\t\t\t\t<\/div>\n\t\t\t\t<\/div>\n\t\t\t\t\t<\/div>\n\t\t<\/div>\n\t\t\t\t<div class=\"elementor-column elementor-col-20 elementor-top-column elementor-element elementor-element-d19538c\" data-id=\"d19538c\" data-element_type=\"column\">\n\t\t\t<div class=\"elementor-widget-wrap elementor-element-populated\">\n\t\t\t\t\t\t\t\t<div class=\"elementor-element elementor-element-a84600a elementor-widget elementor-widget-image\" data-id=\"a84600a\" data-element_type=\"widget\" data-widget_type=\"image.default\">\n\t\t\t\t<div class=\"elementor-widget-container\">\n\t\t\t\t\t<div class=\"elementor-image\">\n\t\t\t\t\t\t\t\t\t\t<img loading=\"lazy\" decoding=\"async\" width=\"612\" height=\"408\" src=\"https:\/\/barlateysarl.ch\/wp-content\/uploads\/2021\/04\/Analyse.jpeg\" class=\"attachment-large size-large\" alt=\"\" srcset=\"https:\/\/barlateysarl.ch\/wp-content\/uploads\/2021\/04\/Analyse.jpeg 612w, https:\/\/barlateysarl.ch\/wp-content\/uploads\/2021\/04\/Analyse-300x200.jpeg 300w\" sizes=\"auto, (max-width: 612px) 100vw, 612px\" \/>\t\t\t\t\t\t\t\t\t\t\t<\/div>\n\t\t\t\t<\/div>\n\t\t\t\t<\/div>\n\t\t\t\t\t<\/div>\n\t\t<\/div>\n\t\t\t\t<div class=\"elementor-column elementor-col-20 elementor-top-column elementor-element elementor-element-05f5faf\" data-id=\"05f5faf\" data-element_type=\"column\">\n\t\t\t<div class=\"elementor-widget-wrap elementor-element-populated\">\n\t\t\t\t\t\t\t\t<div class=\"elementor-element elementor-element-21607f1 elementor-widget elementor-widget-image\" data-id=\"21607f1\" data-element_type=\"widget\" data-widget_type=\"image.default\">\n\t\t\t\t<div class=\"elementor-widget-container\">\n\t\t\t\t\t<div class=\"elementor-image\">\n\t\t\t\t\t\t\t\t\t\t<img loading=\"lazy\" decoding=\"async\" width=\"612\" height=\"408\" src=\"https:\/\/barlateysarl.ch\/wp-content\/uploads\/2021\/04\/Analyse3c.jpeg\" class=\"attachment-large size-large\" alt=\"\" srcset=\"https:\/\/barlateysarl.ch\/wp-content\/uploads\/2021\/04\/Analyse3c.jpeg 612w, https:\/\/barlateysarl.ch\/wp-content\/uploads\/2021\/04\/Analyse3c-300x200.jpeg 300w\" sizes=\"auto, (max-width: 612px) 100vw, 612px\" \/>\t\t\t\t\t\t\t\t\t\t\t<\/div>\n\t\t\t\t<\/div>\n\t\t\t\t<\/div>\n\t\t\t\t\t<\/div>\n\t\t<\/div>\n\t\t\t\t<div class=\"elementor-column elementor-col-20 elementor-top-column elementor-element elementor-element-8b769d5\" data-id=\"8b769d5\" data-element_type=\"column\">\n\t\t\t<div class=\"elementor-widget-wrap elementor-element-populated\">\n\t\t\t\t\t\t\t\t<div class=\"elementor-element elementor-element-877c265 elementor-widget elementor-widget-image\" data-id=\"877c265\" data-element_type=\"widget\" data-widget_type=\"image.default\">\n\t\t\t\t<div class=\"elementor-widget-container\">\n\t\t\t\t\t<div class=\"elementor-image\">\n\t\t\t\t\t\t\t\t\t\t<img loading=\"lazy\" decoding=\"async\" width=\"612\" height=\"408\" src=\"https:\/\/barlateysarl.ch\/wp-content\/uploads\/2021\/04\/Analyse4.jpeg\" class=\"attachment-large size-large\" alt=\"\" srcset=\"https:\/\/barlateysarl.ch\/wp-content\/uploads\/2021\/04\/Analyse4.jpeg 612w, https:\/\/barlateysarl.ch\/wp-content\/uploads\/2021\/04\/Analyse4-300x200.jpeg 300w\" sizes=\"auto, (max-width: 612px) 100vw, 612px\" \/>\t\t\t\t\t\t\t\t\t\t\t<\/div>\n\t\t\t\t<\/div>\n\t\t\t\t<\/div>\n\t\t\t\t\t<\/div>\n\t\t<\/div>\n\t\t\t\t<div class=\"elementor-column elementor-col-20 elementor-top-column elementor-element elementor-element-51ccfdc\" data-id=\"51ccfdc\" data-element_type=\"column\">\n\t\t\t<div class=\"elementor-widget-wrap elementor-element-populated\">\n\t\t\t\t\t\t\t\t<div class=\"elementor-element elementor-element-f35357a elementor-widget elementor-widget-image\" data-id=\"f35357a\" data-element_type=\"widget\" data-widget_type=\"image.default\">\n\t\t\t\t<div class=\"elementor-widget-container\">\n\t\t\t\t\t<div class=\"elementor-image\">\n\t\t\t\t\t\t\t\t\t\t<img loading=\"lazy\" decoding=\"async\" width=\"612\" height=\"408\" src=\"https:\/\/barlateysarl.ch\/wp-content\/uploads\/2021\/04\/Analyse5.jpeg\" class=\"attachment-large size-large\" alt=\"\" srcset=\"https:\/\/barlateysarl.ch\/wp-content\/uploads\/2021\/04\/Analyse5.jpeg 612w, https:\/\/barlateysarl.ch\/wp-content\/uploads\/2021\/04\/Analyse5-300x200.jpeg 300w\" sizes=\"auto, (max-width: 612px) 100vw, 612px\" \/>\t\t\t\t\t\t\t\t\t\t\t<\/div>\n\t\t\t\t<\/div>\n\t\t\t\t<\/div>\n\t\t\t\t\t<\/div>\n\t\t<\/div>\n\t\t\t\t\t\t\t<\/div>\n\t\t<\/section>\n\t\t\t\t\t\t<\/div>\n\t\t\t\t\t<\/div>\n\t\t","protected":false},"excerpt":{"rendered":"<p>Analyse de march\u00e9 du 03.03.2026 Bourse \/ Situation mondiale \/ Politique \/ etc. En d\u00e9but de s\u00e9ance, les prix du p\u00e9trole ont d\u00e9marr\u00e9 \u00e0 la hausse. Bien que des informations concernant des attaques contre des navires dans le d\u00e9troit d&rsquo;Ormuz aient d\u00e9j\u00e0 circul\u00e9 lundi matin, aucune fermeture effective de ce passage maritime si important pour [&hellip;]<\/p>\n","protected":false},"author":1,"featured_media":0,"parent":0,"menu_order":0,"comment_status":"closed","ping_status":"closed","template":"","meta":{"footnotes":""},"class_list":["post-3409","page","type-page","status-publish","hentry"],"_links":{"self":[{"href":"https:\/\/barlateysarl.ch\/index.php?rest_route=\/wp\/v2\/pages\/3409","targetHints":{"allow":["GET"]}}],"collection":[{"href":"https:\/\/barlateysarl.ch\/index.php?rest_route=\/wp\/v2\/pages"}],"about":[{"href":"https:\/\/barlateysarl.ch\/index.php?rest_route=\/wp\/v2\/types\/page"}],"author":[{"embeddable":true,"href":"https:\/\/barlateysarl.ch\/index.php?rest_route=\/wp\/v2\/users\/1"}],"replies":[{"embeddable":true,"href":"https:\/\/barlateysarl.ch\/index.php?rest_route=%2Fwp%2Fv2%2Fcomments&post=3409"}],"version-history":[{"count":241,"href":"https:\/\/barlateysarl.ch\/index.php?rest_route=\/wp\/v2\/pages\/3409\/revisions"}],"predecessor-version":[{"id":5212,"href":"https:\/\/barlateysarl.ch\/index.php?rest_route=\/wp\/v2\/pages\/3409\/revisions\/5212"}],"wp:attachment":[{"href":"https:\/\/barlateysarl.ch\/index.php?rest_route=%2Fwp%2Fv2%2Fmedia&parent=3409"}],"curies":[{"name":"wp","href":"https:\/\/api.w.org\/{rel}","templated":true}]}}