{"id":3110,"date":"2021-03-26T11:33:52","date_gmt":"2021-03-26T10:33:52","guid":{"rendered":"https:\/\/barlateysarl.ch\/?page_id=3110"},"modified":"2021-06-07T18:57:03","modified_gmt":"2021-06-07T16:57:03","slug":"home6-3-2","status":"publish","type":"page","link":"https:\/\/barlateysarl.ch\/?page_id=3110","title":{"rendered":"Contact"},"content":{"rendered":"\t\t<div data-elementor-type=\"wp-page\" data-elementor-id=\"3110\" class=\"elementor elementor-3110\" data-elementor-settings=\"[]\">\n\t\t\t\t\t\t\t<div class=\"elementor-section-wrap\">\n\t\t\t\t\t\t\t<section class=\"elementor-section elementor-top-section elementor-element elementor-element-df3f8b6 elementor-section-full_width elementor-section-stretched elementor-section-height-default elementor-section-height-default\" data-id=\"df3f8b6\" data-element_type=\"section\" data-settings=\"{&quot;stretch_section&quot;:&quot;section-stretched&quot;,&quot;background_background&quot;:&quot;classic&quot;,&quot;ekit_has_onepagescroll_dot&quot;:&quot;yes&quot;}\">\n\t\t\t\t\t\t<div class=\"elementor-container elementor-column-gap-default\">\n\t\t\t\t\t<div class=\"elementor-column elementor-col-100 elementor-top-column elementor-element elementor-element-30faa6d\" data-id=\"30faa6d\" data-element_type=\"column\">\n\t\t\t<div class=\"elementor-widget-wrap elementor-element-populated\">\n\t\t\t\t\t\t\t\t<div class=\"elementor-element elementor-element-8e34d2c elementor-nav-menu--indicator-classic elementor-nav-menu--dropdown-tablet elementor-nav-menu__text-align-aside elementor-nav-menu--toggle elementor-nav-menu--burger elementor-widget elementor-widget-nav-menu\" data-id=\"8e34d2c\" data-element_type=\"widget\" data-settings=\"{&quot;layout&quot;:&quot;horizontal&quot;,&quot;toggle&quot;:&quot;burger&quot;}\" data-widget_type=\"nav-menu.default\">\n\t\t\t\t<div class=\"elementor-widget-container\">\n\t\t\t\t\t\t<nav role=\"navigation\" class=\"elementor-nav-menu--main elementor-nav-menu__container elementor-nav-menu--layout-horizontal e--pointer-underline e--animation-fade\"><ul id=\"menu-1-8e34d2c\" class=\"elementor-nav-menu\"><li class=\"menu-item menu-item-type-post_type menu-item-object-page menu-item-home menu-item-2944\"><a href=\"https:\/\/barlateysarl.ch\/\" class=\"elementor-item\">TARIFS DU JOUR<\/a><\/li>\n<li class=\"menu-item menu-item-type-post_type menu-item-object-page menu-item-3114\"><a href=\"https:\/\/barlateysarl.ch\/?page_id=2828\" class=\"elementor-item\">L&rsquo;ENTREPRISE<\/a><\/li>\n<li class=\"menu-item menu-item-type-post_type menu-item-object-page menu-item-3115\"><a href=\"https:\/\/barlateysarl.ch\/?page_id=3104\" class=\"elementor-item\">LES PRODUITS<\/a><\/li>\n<li class=\"menu-item menu-item-type-post_type menu-item-object-page menu-item-3428\"><a href=\"https:\/\/barlateysarl.ch\/?page_id=3409\" class=\"elementor-item\">ANALYSE DU MARCH\u00c9<\/a><\/li>\n<li class=\"menu-item menu-item-type-post_type menu-item-object-page menu-item-3112\"><a href=\"https:\/\/barlateysarl.ch\/?page_id=3108\" class=\"elementor-item\">FORMULAIRE DE COMMANDE<\/a><\/li>\n<li class=\"menu-item menu-item-type-post_type menu-item-object-page menu-item-3113\"><a href=\"https:\/\/barlateysarl.ch\/?page_id=3110\" class=\"elementor-item\">NOUS CONTACTER<\/a><\/li>\n<li class=\"menu-item menu-item-type-custom menu-item-object-custom menu-item-3116\"><a href=\"https:\/\/www.facebook.com\/barlateysarl\" class=\"elementor-item\">FACEBOOK<\/a><\/li>\n<\/ul><\/nav>\n\t\t\t\t\t<div class=\"elementor-menu-toggle\" role=\"button\" tabindex=\"0\" aria-label=\"Menu Toggle\" aria-expanded=\"false\">\n\t\t\t<i class=\"eicon-menu-bar\" aria-hidden=\"true\"><\/i>\n\t\t\t<span class=\"elementor-screen-only\">Menu<\/span>\n\t\t<\/div>\n\t\t\t<nav class=\"elementor-nav-menu--dropdown elementor-nav-menu__container\" role=\"navigation\" aria-hidden=\"true\"><ul id=\"menu-2-8e34d2c\" class=\"elementor-nav-menu\"><li class=\"menu-item menu-item-type-post_type menu-item-object-page menu-item-home menu-item-2944\"><a href=\"https:\/\/barlateysarl.ch\/\" class=\"elementor-item\">TARIFS DU JOUR<\/a><\/li>\n<li class=\"menu-item menu-item-type-post_type menu-item-object-page menu-item-3114\"><a href=\"https:\/\/barlateysarl.ch\/?page_id=2828\" class=\"elementor-item\">L&rsquo;ENTREPRISE<\/a><\/li>\n<li class=\"menu-item menu-item-type-post_type menu-item-object-page menu-item-3115\"><a href=\"https:\/\/barlateysarl.ch\/?page_id=3104\" class=\"elementor-item\">LES PRODUITS<\/a><\/li>\n<li class=\"menu-item menu-item-type-post_type menu-item-object-page menu-item-3428\"><a href=\"https:\/\/barlateysarl.ch\/?page_id=3409\" class=\"elementor-item\">ANALYSE DU MARCH\u00c9<\/a><\/li>\n<li class=\"menu-item menu-item-type-post_type menu-item-object-page menu-item-3112\"><a href=\"https:\/\/barlateysarl.ch\/?page_id=3108\" class=\"elementor-item\">FORMULAIRE DE COMMANDE<\/a><\/li>\n<li class=\"menu-item menu-item-type-post_type menu-item-object-page menu-item-3113\"><a href=\"https:\/\/barlateysarl.ch\/?page_id=3110\" class=\"elementor-item\">NOUS CONTACTER<\/a><\/li>\n<li class=\"menu-item menu-item-type-custom menu-item-object-custom menu-item-3116\"><a href=\"https:\/\/www.facebook.com\/barlateysarl\" class=\"elementor-item\">FACEBOOK<\/a><\/li>\n<\/ul><\/nav>\n\t\t\t\t<\/div>\n\t\t\t\t<\/div>\n\t\t\t\t\t<\/div>\n\t\t<\/div>\n\t\t\t\t\t\t\t<\/div>\n\t\t<\/section>\n\t\t\t\t<section class=\"elementor-section elementor-top-section elementor-element elementor-element-cd519ae elementor-section-full_width elementor-section-stretched elementor-section-height-default elementor-section-height-default\" data-id=\"cd519ae\" data-element_type=\"section\" id=\"produits\" data-settings=\"{&quot;stretch_section&quot;:&quot;section-stretched&quot;,&quot;ekit_has_onepagescroll_dot&quot;:&quot;yes&quot;}\">\n\t\t\t\t\t\t<div class=\"elementor-container elementor-column-gap-default\">\n\t\t\t\t\t<div class=\"elementor-column elementor-col-100 elementor-top-column elementor-element elementor-element-053cf44\" data-id=\"053cf44\" data-element_type=\"column\">\n\t\t\t<div class=\"elementor-widget-wrap elementor-element-populated\">\n\t\t\t\t\t\t\t\t<div class=\"elementor-element elementor-element-836a4e9 elementor-widget elementor-widget-spacer\" data-id=\"836a4e9\" data-element_type=\"widget\" data-widget_type=\"spacer.default\">\n\t\t\t\t<div class=\"elementor-widget-container\">\n\t\t\t\t\t<div class=\"elementor-spacer\">\n\t\t\t<div class=\"elementor-spacer-inner\"><\/div>\n\t\t<\/div>\n\t\t\t\t<\/div>\n\t\t\t\t<\/div>\n\t\t\t\t<div class=\"elementor-element elementor-element-7d4bbdf elementor-headline--style-highlight elementor-widget elementor-widget-animated-headline\" data-id=\"7d4bbdf\" data-element_type=\"widget\" data-settings=\"{&quot;highlighted_text&quot;:&quot;NOUS CONTACTER&quot;,&quot;headline_style&quot;:&quot;highlight&quot;,&quot;marker&quot;:&quot;circle&quot;}\" data-widget_type=\"animated-headline.default\">\n\t\t\t\t<div class=\"elementor-widget-container\">\n\t\t\t\t\t<h3 class=\"elementor-headline\">\n\t\t\t\t\t\t<span class=\"elementor-headline-dynamic-wrapper elementor-headline-text-wrapper\"><\/span>\n\t\t\t\t\t<\/h3>\n\t\t\t\t<\/div>\n\t\t\t\t<\/div>\n\t\t\t\t<div class=\"elementor-element elementor-element-f4a1a01 elementor-widget elementor-widget-spacer\" data-id=\"f4a1a01\" data-element_type=\"widget\" data-widget_type=\"spacer.default\">\n\t\t\t\t<div class=\"elementor-widget-container\">\n\t\t\t\t\t<div class=\"elementor-spacer\">\n\t\t\t<div class=\"elementor-spacer-inner\"><\/div>\n\t\t<\/div>\n\t\t\t\t<\/div>\n\t\t\t\t<\/div>\n\t\t\t\t<div class=\"elementor-element elementor-element-dc1a6d3 elementor-widget elementor-widget-text-editor\" data-id=\"dc1a6d3\" data-element_type=\"widget\" data-widget_type=\"text-editor.default\">\n\t\t\t\t<div class=\"elementor-widget-container\">\n\t\t\t\t\t<div class=\"elementor-text-editor elementor-clearfix\"><p style=\"text-align: center;\">Nous sommes \u00e0 disposition de 7h30 \u00e0 12h et de 13h30 \u00e0 18h pour r\u00e9pondre \u00e0 toutes vos demandes. Pendant la p\u00e9riode hivernale nous effectuons les d\u00e9pannages le samedi matin.<br \/>Vous pouvez compter sur notre syst\u00e8me logistique comp\u00e9tent et adaptable \u00e0 vos besoins pour \u00eatre livr\u00e9 en temps et en heure \u00e0 votre convenance.<\/p><p style=\"text-align: center;\"><em><strong>N&rsquo;h\u00e9sitez pas \u00e0 nous contacter pour toute demande sp\u00e9cifique, nous vous r\u00e9pondrons dans les plus brefs d\u00e9lais.\u00a0\u00a0<\/strong><\/em><\/p><\/div>\n\t\t\t\t<\/div>\n\t\t\t\t<\/div>\n\t\t\t\t<div class=\"elementor-element elementor-element-701da23 elementor-widget elementor-widget-spacer\" data-id=\"701da23\" data-element_type=\"widget\" data-widget_type=\"spacer.default\">\n\t\t\t\t<div class=\"elementor-widget-container\">\n\t\t\t\t\t<div class=\"elementor-spacer\">\n\t\t\t<div class=\"elementor-spacer-inner\"><\/div>\n\t\t<\/div>\n\t\t\t\t<\/div>\n\t\t\t\t<\/div>\n\t\t\t\t\t<\/div>\n\t\t<\/div>\n\t\t\t\t\t\t\t<\/div>\n\t\t<\/section>\n\t\t\t\t<section class=\"elementor-section elementor-top-section elementor-element elementor-element-4bfe929 elementor-section-boxed elementor-section-height-default elementor-section-height-default\" data-id=\"4bfe929\" data-element_type=\"section\" data-settings=\"{&quot;ekit_has_onepagescroll_dot&quot;:&quot;yes&quot;}\">\n\t\t\t\t\t\t<div class=\"elementor-container elementor-column-gap-default\">\n\t\t\t\t\t<div class=\"elementor-column elementor-col-50 elementor-top-column elementor-element elementor-element-6685d63\" data-id=\"6685d63\" data-element_type=\"column\">\n\t\t\t<div class=\"elementor-widget-wrap elementor-element-populated\">\n\t\t\t\t\t\t\t\t<div class=\"elementor-element elementor-element-b244732 elementor-button-align-stretch elementor-widget elementor-widget-form\" data-id=\"b244732\" data-element_type=\"widget\" data-settings=\"{&quot;step_next_label&quot;:&quot;Next&quot;,&quot;step_previous_label&quot;:&quot;Previous&quot;,&quot;button_width&quot;:&quot;100&quot;,&quot;step_type&quot;:&quot;number_text&quot;,&quot;step_icon_shape&quot;:&quot;circle&quot;}\" data-widget_type=\"form.default\">\n\t\t\t\t<div class=\"elementor-widget-container\">\n\t\t\t\t\t<form class=\"elementor-form\" method=\"post\" name=\"New Form\">\n\t\t\t<input type=\"hidden\" name=\"post_id\" value=\"3110\"\/>\n\t\t\t<input type=\"hidden\" name=\"form_id\" value=\"b244732\"\/>\n\n\t\t\t\n\t\t\t<div class=\"elementor-form-fields-wrapper elementor-labels-above\">\n\t\t\t\t\t\t\t\t<div class=\"elementor-field-type-text elementor-field-group elementor-column elementor-field-group-name elementor-col-100 elementor-field-required elementor-mark-required\">\n\t\t\t\t\t<label for=\"form-field-name\" class=\"elementor-field-label\">Nom<\/label><input size=\"1\" type=\"text\" name=\"form_fields[name]\" id=\"form-field-name\" class=\"elementor-field elementor-size-sm  elementor-field-textual\" placeholder=\"Nom et Pr\u00e9nom\" required=\"required\" aria-required=\"true\">\t\t\t\t<\/div>\n\t\t\t\t\t\t\t\t<div class=\"elementor-field-type-email elementor-field-group elementor-column elementor-field-group-email elementor-col-100 elementor-field-required elementor-mark-required\">\n\t\t\t\t\t<label for=\"form-field-email\" class=\"elementor-field-label\">Email<\/label><input size=\"1\" type=\"email\" name=\"form_fields[email]\" id=\"form-field-email\" class=\"elementor-field elementor-size-sm  elementor-field-textual\" placeholder=\"Email\" required=\"required\" aria-required=\"true\">\t\t\t\t<\/div>\n\t\t\t\t\t\t\t\t<div class=\"elementor-field-type-text elementor-field-group elementor-column elementor-field-group-field_fedaa7d elementor-col-100 elementor-field-required elementor-mark-required\">\n\t\t\t\t\t<label for=\"form-field-field_fedaa7d\" class=\"elementor-field-label\">T\u00e9l\u00e9phone<\/label><input size=\"1\" type=\"text\" name=\"form_fields[field_fedaa7d]\" id=\"form-field-field_fedaa7d\" class=\"elementor-field elementor-size-sm  elementor-field-textual\" placeholder=\"Fixe ou Mobile\" required=\"required\" aria-required=\"true\">\t\t\t\t<\/div>\n\t\t\t\t\t\t\t\t<div class=\"elementor-field-type-textarea elementor-field-group elementor-column elementor-field-group-message elementor-col-100 elementor-field-required elementor-mark-required\">\n\t\t\t\t\t<label for=\"form-field-message\" class=\"elementor-field-label\">Message<\/label><textarea class=\"elementor-field-textual elementor-field  elementor-size-sm\" name=\"form_fields[message]\" id=\"form-field-message\" rows=\"4\" placeholder=\"Votre message\" required=\"required\" aria-required=\"true\"><\/textarea>\t\t\t\t<\/div>\n\t\t\t\t\t\t\t\t<div class=\"elementor-field-group elementor-column elementor-field-type-submit elementor-col-100 e-form__buttons\">\n\t\t\t\t\t<button type=\"submit\" class=\"elementor-button elementor-size-sm\">\n\t\t\t\t\t\t<span >\n\t\t\t\t\t\t\t\t\t\t\t\t\t\t\t<span class=\" elementor-button-icon\">\n\t\t\t\t\t\t\t\t\t\t\t\t\t\t\t\t\t\t\t\t\t\t\t\t\t\t<\/span>\n\t\t\t\t\t\t\t\t\t\t\t\t\t\t\t\t\t\t\t\t\t\t<span class=\"elementor-button-text\">ENVOYER<\/span>\n\t\t\t\t\t\t\t\t\t\t\t\t\t<\/span>\n\t\t\t\t\t<\/button>\n\t\t\t\t<\/div>\n\t\t\t<\/div>\n\t\t<\/form>\n\t\t\t\t<\/div>\n\t\t\t\t<\/div>\n\t\t\t\t\t<\/div>\n\t\t<\/div>\n\t\t\t\t<div class=\"elementor-column elementor-col-50 elementor-top-column elementor-element elementor-element-f54659b\" data-id=\"f54659b\" data-element_type=\"column\">\n\t\t\t<div class=\"elementor-widget-wrap elementor-element-populated\">\n\t\t\t\t\t\t\t\t<div class=\"elementor-element elementor-element-20f544a elementor-widget elementor-widget-shortcode\" data-id=\"20f544a\" data-element_type=\"widget\" data-widget_type=\"shortcode.default\">\n\t\t\t\t<div class=\"elementor-widget-container\">\n\t\t\t\t\t<div class=\"elementor-shortcode\"><iframe src=\"https:\/\/www.google.com\/maps\/embed?pb=!1m17!1m11!1m3!1d105.86760755870688!2d6.886918409772598!3d46.33522925806653!2m2!1f0!2f4.51608447017957!3m2!1i1024!2i768!4f56.699431328143575!3m3!1m2!1s0x478e98f121eb4dfd%3A0xa18a6b21b5570aa3!2sAvenue%20de%20la%20C%C3%B4te%208%2C%201896%20Vouvry!5e1!3m2!1sfr!2sch!4v1617174158179!5m2!1sfr!2sch\" width=\"600\" height=\"450\" style=\"border:0;\" allowfullscreen=\"\" loading=\"lazy\"><\/iframe><\/div>\n\t\t\t\t<\/div>\n\t\t\t\t<\/div>\n\t\t\t\t\t<\/div>\n\t\t<\/div>\n\t\t\t\t\t\t\t<\/div>\n\t\t<\/section>\n\t\t\t\t\t\t<\/div>\n\t\t\t\t\t<\/div>\n\t\t","protected":false},"excerpt":{"rendered":"<p>Nous sommes \u00e0 disposition de 7h30 \u00e0 12h et de 13h30 \u00e0 18h pour r\u00e9pondre \u00e0 toutes vos demandes. Pendant la p\u00e9riode hivernale nous effectuons les d\u00e9pannages le samedi matin.Vous pouvez compter sur notre syst\u00e8me logistique comp\u00e9tent et adaptable \u00e0 vos besoins pour \u00eatre livr\u00e9 en temps et en heure \u00e0 votre convenance. N&rsquo;h\u00e9sitez pas [&hellip;]<\/p>\n","protected":false},"author":1,"featured_media":0,"parent":0,"menu_order":0,"comment_status":"closed","ping_status":"closed","template":"","meta":{"footnotes":""},"class_list":["post-3110","page","type-page","status-publish","hentry"],"_links":{"self":[{"href":"https:\/\/barlateysarl.ch\/index.php?rest_route=\/wp\/v2\/pages\/3110","targetHints":{"allow":["GET"]}}],"collection":[{"href":"https:\/\/barlateysarl.ch\/index.php?rest_route=\/wp\/v2\/pages"}],"about":[{"href":"https:\/\/barlateysarl.ch\/index.php?rest_route=\/wp\/v2\/types\/page"}],"author":[{"embeddable":true,"href":"https:\/\/barlateysarl.ch\/index.php?rest_route=\/wp\/v2\/users\/1"}],"replies":[{"embeddable":true,"href":"https:\/\/barlateysarl.ch\/index.php?rest_route=%2Fwp%2Fv2%2Fcomments&post=3110"}],"version-history":[{"count":22,"href":"https:\/\/barlateysarl.ch\/index.php?rest_route=\/wp\/v2\/pages\/3110\/revisions"}],"predecessor-version":[{"id":3625,"href":"https:\/\/barlateysarl.ch\/index.php?rest_route=\/wp\/v2\/pages\/3110\/revisions\/3625"}],"wp:attachment":[{"href":"https:\/\/barlateysarl.ch\/index.php?rest_route=%2Fwp%2Fv2%2Fmedia&parent=3110"}],"curies":[{"name":"wp","href":"https:\/\/api.w.org\/{rel}","templated":true}]}}