{"id":3104,"date":"2021-03-26T11:32:19","date_gmt":"2021-03-26T10:32:19","guid":{"rendered":"https:\/\/barlateysarl.ch\/?page_id=3104"},"modified":"2023-10-27T15:31:03","modified_gmt":"2023-10-27T13:31:03","slug":"home6","status":"publish","type":"page","link":"https:\/\/barlateysarl.ch\/?page_id=3104","title":{"rendered":"Produits"},"content":{"rendered":"\t\t<div data-elementor-type=\"wp-page\" data-elementor-id=\"3104\" class=\"elementor elementor-3104\" data-elementor-settings=\"[]\">\n\t\t\t\t\t\t\t<div class=\"elementor-section-wrap\">\n\t\t\t\t\t\t\t<section class=\"elementor-section elementor-top-section elementor-element elementor-element-df3f8b6 elementor-section-full_width elementor-section-stretched elementor-section-height-default elementor-section-height-default\" data-id=\"df3f8b6\" data-element_type=\"section\" data-settings=\"{&quot;stretch_section&quot;:&quot;section-stretched&quot;,&quot;background_background&quot;:&quot;classic&quot;,&quot;ekit_has_onepagescroll_dot&quot;:&quot;yes&quot;}\">\n\t\t\t\t\t\t<div class=\"elementor-container elementor-column-gap-default\">\n\t\t\t\t\t<div class=\"elementor-column elementor-col-100 elementor-top-column elementor-element elementor-element-30faa6d\" data-id=\"30faa6d\" data-element_type=\"column\">\n\t\t\t<div class=\"elementor-widget-wrap elementor-element-populated\">\n\t\t\t\t\t\t\t\t<div class=\"elementor-element elementor-element-8e34d2c elementor-nav-menu--indicator-classic elementor-nav-menu--dropdown-tablet elementor-nav-menu__text-align-aside elementor-nav-menu--toggle elementor-nav-menu--burger elementor-widget elementor-widget-nav-menu\" data-id=\"8e34d2c\" data-element_type=\"widget\" data-settings=\"{&quot;layout&quot;:&quot;horizontal&quot;,&quot;toggle&quot;:&quot;burger&quot;}\" data-widget_type=\"nav-menu.default\">\n\t\t\t\t<div class=\"elementor-widget-container\">\n\t\t\t\t\t\t<nav role=\"navigation\" class=\"elementor-nav-menu--main elementor-nav-menu__container elementor-nav-menu--layout-horizontal e--pointer-underline e--animation-fade\"><ul id=\"menu-1-8e34d2c\" class=\"elementor-nav-menu\"><li class=\"menu-item menu-item-type-post_type menu-item-object-page menu-item-home menu-item-2944\"><a href=\"https:\/\/barlateysarl.ch\/\" class=\"elementor-item\">TARIFS DU JOUR<\/a><\/li>\n<li class=\"menu-item menu-item-type-post_type menu-item-object-page menu-item-3114\"><a href=\"https:\/\/barlateysarl.ch\/?page_id=2828\" class=\"elementor-item\">L&rsquo;ENTREPRISE<\/a><\/li>\n<li class=\"menu-item menu-item-type-post_type menu-item-object-page menu-item-3115\"><a href=\"https:\/\/barlateysarl.ch\/?page_id=3104\" class=\"elementor-item\">LES PRODUITS<\/a><\/li>\n<li class=\"menu-item menu-item-type-post_type menu-item-object-page menu-item-3428\"><a href=\"https:\/\/barlateysarl.ch\/?page_id=3409\" class=\"elementor-item\">ANALYSE DU MARCH\u00c9<\/a><\/li>\n<li class=\"menu-item menu-item-type-post_type menu-item-object-page menu-item-3112\"><a href=\"https:\/\/barlateysarl.ch\/?page_id=3108\" class=\"elementor-item\">FORMULAIRE DE COMMANDE<\/a><\/li>\n<li class=\"menu-item menu-item-type-post_type menu-item-object-page menu-item-3113\"><a href=\"https:\/\/barlateysarl.ch\/?page_id=3110\" class=\"elementor-item\">NOUS CONTACTER<\/a><\/li>\n<li class=\"menu-item menu-item-type-custom menu-item-object-custom menu-item-3116\"><a href=\"https:\/\/www.facebook.com\/barlateysarl\" class=\"elementor-item\">FACEBOOK<\/a><\/li>\n<\/ul><\/nav>\n\t\t\t\t\t<div class=\"elementor-menu-toggle\" role=\"button\" tabindex=\"0\" aria-label=\"Menu Toggle\" aria-expanded=\"false\">\n\t\t\t<i class=\"eicon-menu-bar\" aria-hidden=\"true\"><\/i>\n\t\t\t<span class=\"elementor-screen-only\">Menu<\/span>\n\t\t<\/div>\n\t\t\t<nav class=\"elementor-nav-menu--dropdown elementor-nav-menu__container\" role=\"navigation\" aria-hidden=\"true\"><ul id=\"menu-2-8e34d2c\" class=\"elementor-nav-menu\"><li class=\"menu-item menu-item-type-post_type menu-item-object-page menu-item-home menu-item-2944\"><a href=\"https:\/\/barlateysarl.ch\/\" class=\"elementor-item\">TARIFS DU JOUR<\/a><\/li>\n<li class=\"menu-item menu-item-type-post_type menu-item-object-page menu-item-3114\"><a href=\"https:\/\/barlateysarl.ch\/?page_id=2828\" class=\"elementor-item\">L&rsquo;ENTREPRISE<\/a><\/li>\n<li class=\"menu-item menu-item-type-post_type menu-item-object-page menu-item-3115\"><a href=\"https:\/\/barlateysarl.ch\/?page_id=3104\" class=\"elementor-item\">LES PRODUITS<\/a><\/li>\n<li class=\"menu-item menu-item-type-post_type menu-item-object-page menu-item-3428\"><a href=\"https:\/\/barlateysarl.ch\/?page_id=3409\" class=\"elementor-item\">ANALYSE DU MARCH\u00c9<\/a><\/li>\n<li class=\"menu-item menu-item-type-post_type menu-item-object-page menu-item-3112\"><a href=\"https:\/\/barlateysarl.ch\/?page_id=3108\" class=\"elementor-item\">FORMULAIRE DE COMMANDE<\/a><\/li>\n<li class=\"menu-item menu-item-type-post_type menu-item-object-page menu-item-3113\"><a href=\"https:\/\/barlateysarl.ch\/?page_id=3110\" class=\"elementor-item\">NOUS CONTACTER<\/a><\/li>\n<li class=\"menu-item menu-item-type-custom menu-item-object-custom menu-item-3116\"><a href=\"https:\/\/www.facebook.com\/barlateysarl\" class=\"elementor-item\">FACEBOOK<\/a><\/li>\n<\/ul><\/nav>\n\t\t\t\t<\/div>\n\t\t\t\t<\/div>\n\t\t\t\t\t<\/div>\n\t\t<\/div>\n\t\t\t\t\t\t\t<\/div>\n\t\t<\/section>\n\t\t\t\t<section class=\"elementor-section elementor-top-section elementor-element elementor-element-cd519ae elementor-section-full_width elementor-section-stretched elementor-section-height-default elementor-section-height-default\" data-id=\"cd519ae\" data-element_type=\"section\" id=\"produits\" data-settings=\"{&quot;stretch_section&quot;:&quot;section-stretched&quot;,&quot;ekit_has_onepagescroll_dot&quot;:&quot;yes&quot;}\">\n\t\t\t\t\t\t<div class=\"elementor-container elementor-column-gap-default\">\n\t\t\t\t\t<div class=\"elementor-column elementor-col-100 elementor-top-column elementor-element elementor-element-053cf44\" data-id=\"053cf44\" data-element_type=\"column\">\n\t\t\t<div class=\"elementor-widget-wrap elementor-element-populated\">\n\t\t\t\t\t\t\t\t<div class=\"elementor-element elementor-element-836a4e9 elementor-widget elementor-widget-spacer\" data-id=\"836a4e9\" data-element_type=\"widget\" data-widget_type=\"spacer.default\">\n\t\t\t\t<div class=\"elementor-widget-container\">\n\t\t\t\t\t<div class=\"elementor-spacer\">\n\t\t\t<div class=\"elementor-spacer-inner\"><\/div>\n\t\t<\/div>\n\t\t\t\t<\/div>\n\t\t\t\t<\/div>\n\t\t\t\t<div class=\"elementor-element elementor-element-7d4bbdf elementor-headline--style-highlight elementor-widget elementor-widget-animated-headline\" data-id=\"7d4bbdf\" data-element_type=\"widget\" data-settings=\"{&quot;highlighted_text&quot;:&quot;LES PRODUITS&quot;,&quot;headline_style&quot;:&quot;highlight&quot;,&quot;marker&quot;:&quot;circle&quot;}\" data-widget_type=\"animated-headline.default\">\n\t\t\t\t<div class=\"elementor-widget-container\">\n\t\t\t\t\t<h3 class=\"elementor-headline\">\n\t\t\t\t\t\t<span class=\"elementor-headline-dynamic-wrapper elementor-headline-text-wrapper\"><\/span>\n\t\t\t\t\t<\/h3>\n\t\t\t\t<\/div>\n\t\t\t\t<\/div>\n\t\t\t\t<div class=\"elementor-element elementor-element-f4a1a01 elementor-widget elementor-widget-spacer\" data-id=\"f4a1a01\" data-element_type=\"widget\" data-widget_type=\"spacer.default\">\n\t\t\t\t<div class=\"elementor-widget-container\">\n\t\t\t\t\t<div class=\"elementor-spacer\">\n\t\t\t<div class=\"elementor-spacer-inner\"><\/div>\n\t\t<\/div>\n\t\t\t\t<\/div>\n\t\t\t\t<\/div>\n\t\t\t\t\t<\/div>\n\t\t<\/div>\n\t\t\t\t\t\t\t<\/div>\n\t\t<\/section>\n\t\t\t\t<section class=\"elementor-section elementor-top-section elementor-element elementor-element-8a6bf4e elementor-section-boxed elementor-section-height-default elementor-section-height-default\" data-id=\"8a6bf4e\" data-element_type=\"section\" data-settings=\"{&quot;ekit_has_onepagescroll_dot&quot;:&quot;yes&quot;}\">\n\t\t\t\t\t\t<div class=\"elementor-container elementor-column-gap-default\">\n\t\t\t\t\t<div class=\"elementor-column elementor-col-66 elementor-top-column elementor-element elementor-element-1b5ceb6\" data-id=\"1b5ceb6\" data-element_type=\"column\">\n\t\t\t<div class=\"elementor-widget-wrap elementor-element-populated\">\n\t\t\t\t\t\t\t\t<div class=\"elementor-element elementor-element-2d4b7d5 elementor-widget elementor-widget-image\" data-id=\"2d4b7d5\" data-element_type=\"widget\" data-widget_type=\"image.default\">\n\t\t\t\t<div class=\"elementor-widget-container\">\n\t\t\t\t\t<div class=\"elementor-image\">\n\t\t\t\t\t\t\t\t\t\t<img loading=\"lazy\" decoding=\"async\" width=\"612\" height=\"408\" src=\"https:\/\/barlateysarl.ch\/wp-content\/uploads\/2021\/03\/001.jpeg\" class=\"attachment-large size-large\" alt=\"\" srcset=\"https:\/\/barlateysarl.ch\/wp-content\/uploads\/2021\/03\/001.jpeg 612w, https:\/\/barlateysarl.ch\/wp-content\/uploads\/2021\/03\/001-300x200.jpeg 300w\" sizes=\"auto, (max-width: 612px) 100vw, 612px\" \/>\t\t\t\t\t\t\t\t\t\t\t<\/div>\n\t\t\t\t<\/div>\n\t\t\t\t<\/div>\n\t\t\t\t\t<\/div>\n\t\t<\/div>\n\t\t\t\t<div class=\"elementor-column elementor-col-33 elementor-top-column elementor-element elementor-element-783687d\" data-id=\"783687d\" data-element_type=\"column\">\n\t\t\t<div class=\"elementor-widget-wrap elementor-element-populated\">\n\t\t\t\t\t\t\t\t<div class=\"elementor-element elementor-element-c9b57f8 elementor-widget elementor-widget-image\" data-id=\"c9b57f8\" data-element_type=\"widget\" data-widget_type=\"image.default\">\n\t\t\t\t<div class=\"elementor-widget-container\">\n\t\t\t\t\t<div class=\"elementor-image\">\n\t\t\t\t\t\t\t\t\t\t<img loading=\"lazy\" decoding=\"async\" width=\"85\" height=\"74\" src=\"https:\/\/barlateysarl.ch\/wp-content\/uploads\/2021\/03\/Icon2.png\" class=\"attachment-large size-large\" alt=\"\" \/>\t\t\t\t\t\t\t\t\t\t\t<\/div>\n\t\t\t\t<\/div>\n\t\t\t\t<\/div>\n\t\t\t\t<div class=\"elementor-element elementor-element-9b6e59d elementor-widget elementor-widget-heading\" data-id=\"9b6e59d\" data-element_type=\"widget\" data-widget_type=\"heading.default\">\n\t\t\t\t<div class=\"elementor-widget-container\">\n\t\t\t<h2 class=\"elementor-heading-title elementor-size-medium\">ECO MAZOUT PAUVRE EN SOUFRE<\/h2>\t\t<\/div>\n\t\t\t\t<\/div>\n\t\t\t\t<div class=\"elementor-element elementor-element-2821704 elementor-widget elementor-widget-heading\" data-id=\"2821704\" data-element_type=\"widget\" data-widget_type=\"heading.default\">\n\t\t\t\t<div class=\"elementor-widget-container\">\n\t\t\t<h2 class=\"elementor-heading-title elementor-size-small\">La qualit\u00e9 \u00e9cologique et \u00e9conomique<\/h2>\t\t<\/div>\n\t\t\t\t<\/div>\n\t\t\t\t<div class=\"elementor-element elementor-element-80d0f7b elementor-widget elementor-widget-heading\" data-id=\"80d0f7b\" data-element_type=\"widget\" data-widget_type=\"heading.default\">\n\t\t\t\t<div class=\"elementor-widget-container\">\n\t\t\t<h2 class=\"elementor-heading-title elementor-size-small\"><span style=\"color: rgb(122, 122, 122); font-size: 18.6667px; font-weight: 400; text-align: justify; white-space: normal;\">L\u2019Eco-mazout pauvre en soufre est le combustible du futur gr\u00e2ce \u00e0 sa faible teneur en substances nocives et ses performances environnementales.&nbsp;<\/span><br><span style=\"color: rgb(122, 122, 122); font-size: 18.6667px; font-weight: 400; text-align: justify; white-space: normal;\">Il s\u2019adapte parfaitement \u00e0 la nouvelle tech-nologie de condensation. La combustion de l\u2019Eco-mazout pauvre en soufre ne lib\u00e8re pratiquement pas de r\u00e9sidus et maintient la chaudi\u00e8re propre, ce qui rend le fonctionnement plus s\u00fbr. L\u2019efficacit\u00e9 \u00e9nerg\u00e9tique constante et optimale qui en r\u00e9sulte permet aussi de r\u00e9duire les co\u00fbts.<\/span><\/h2>\t\t<\/div>\n\t\t\t\t<\/div>\n\t\t\t\t<div class=\"elementor-element elementor-element-2ec857e elementor-widget elementor-widget-text-editor\" data-id=\"2ec857e\" data-element_type=\"widget\" data-widget_type=\"text-editor.default\">\n\t\t\t\t<div class=\"elementor-widget-container\">\n\t\t\t\t\t<div class=\"elementor-text-editor elementor-clearfix\"><\/div>\n\t\t\t\t<\/div>\n\t\t\t\t<\/div>\n\t\t\t\t\t<\/div>\n\t\t<\/div>\n\t\t\t\t\t\t\t<\/div>\n\t\t<\/section>\n\t\t\t\t<section class=\"elementor-section elementor-top-section elementor-element elementor-element-860b45c elementor-section-boxed elementor-section-height-default elementor-section-height-default\" data-id=\"860b45c\" data-element_type=\"section\" data-settings=\"{&quot;ekit_has_onepagescroll_dot&quot;:&quot;yes&quot;}\">\n\t\t\t\t\t\t<div class=\"elementor-container elementor-column-gap-default\">\n\t\t\t\t\t<div class=\"elementor-column elementor-col-33 elementor-top-column elementor-element elementor-element-dc67892\" data-id=\"dc67892\" data-element_type=\"column\">\n\t\t\t<div class=\"elementor-widget-wrap elementor-element-populated\">\n\t\t\t\t\t\t\t\t<div class=\"elementor-element elementor-element-86959d3 elementor-widget elementor-widget-text-editor\" data-id=\"86959d3\" data-element_type=\"widget\" data-widget_type=\"text-editor.default\">\n\t\t\t\t<div class=\"elementor-widget-container\">\n\t\t\t\t\t<div class=\"elementor-text-editor elementor-clearfix\"><\/div>\n\t\t\t\t<\/div>\n\t\t\t\t<\/div>\n\t\t\t\t\t<\/div>\n\t\t<\/div>\n\t\t\t\t<div class=\"elementor-column elementor-col-66 elementor-top-column elementor-element elementor-element-263812f\" data-id=\"263812f\" data-element_type=\"column\">\n\t\t\t<div class=\"elementor-widget-wrap\">\n\t\t\t\t\t\t\t\t\t<\/div>\n\t\t<\/div>\n\t\t\t\t\t\t\t<\/div>\n\t\t<\/section>\n\t\t\t\t<section class=\"elementor-section elementor-top-section elementor-element elementor-element-a5b2a20 elementor-section-boxed elementor-section-height-default elementor-section-height-default\" data-id=\"a5b2a20\" data-element_type=\"section\" data-settings=\"{&quot;ekit_has_onepagescroll_dot&quot;:&quot;yes&quot;}\">\n\t\t\t\t\t\t<div class=\"elementor-container elementor-column-gap-default\">\n\t\t\t\t\t<div class=\"elementor-column elementor-col-66 elementor-top-column elementor-element elementor-element-cbae3c7\" data-id=\"cbae3c7\" data-element_type=\"column\">\n\t\t\t<div class=\"elementor-widget-wrap elementor-element-populated\">\n\t\t\t\t\t\t\t\t<div class=\"elementor-element elementor-element-6ba0400 elementor-widget elementor-widget-image\" data-id=\"6ba0400\" data-element_type=\"widget\" data-widget_type=\"image.default\">\n\t\t\t\t<div class=\"elementor-widget-container\">\n\t\t\t\t\t<div class=\"elementor-image\">\n\t\t\t\t\t\t\t\t\t\t<img loading=\"lazy\" decoding=\"async\" width=\"980\" height=\"650\" src=\"https:\/\/barlateysarl.ch\/wp-content\/uploads\/2021\/03\/Ve\u0301hicules-1024x679.png\" class=\"attachment-large size-large\" alt=\"\" srcset=\"https:\/\/barlateysarl.ch\/wp-content\/uploads\/2021\/03\/Ve\u0301hicules-1024x679.png 1024w, https:\/\/barlateysarl.ch\/wp-content\/uploads\/2021\/03\/Ve\u0301hicules-300x199.png 300w, https:\/\/barlateysarl.ch\/wp-content\/uploads\/2021\/03\/Ve\u0301hicules-768x509.png 768w, https:\/\/barlateysarl.ch\/wp-content\/uploads\/2021\/03\/Ve\u0301hicules.png 1438w\" sizes=\"auto, (max-width: 980px) 100vw, 980px\" \/>\t\t\t\t\t\t\t\t\t\t\t<\/div>\n\t\t\t\t<\/div>\n\t\t\t\t<\/div>\n\t\t\t\t\t<\/div>\n\t\t<\/div>\n\t\t\t\t<div class=\"elementor-column elementor-col-33 elementor-top-column elementor-element elementor-element-6cd6659\" data-id=\"6cd6659\" data-element_type=\"column\">\n\t\t\t<div class=\"elementor-widget-wrap elementor-element-populated\">\n\t\t\t\t\t\t\t\t<div class=\"elementor-element elementor-element-82ec87e elementor-widget elementor-widget-image\" data-id=\"82ec87e\" data-element_type=\"widget\" data-widget_type=\"image.default\">\n\t\t\t\t<div class=\"elementor-widget-container\">\n\t\t\t\t\t<div class=\"elementor-image\">\n\t\t\t\t\t\t\t\t\t\t<img loading=\"lazy\" decoding=\"async\" width=\"85\" height=\"74\" src=\"https:\/\/barlateysarl.ch\/wp-content\/uploads\/2021\/03\/Icon3.png\" class=\"attachment-large size-large\" alt=\"\" \/>\t\t\t\t\t\t\t\t\t\t\t<\/div>\n\t\t\t\t<\/div>\n\t\t\t\t<\/div>\n\t\t\t\t<div class=\"elementor-element elementor-element-0942724 elementor-widget elementor-widget-heading\" data-id=\"0942724\" data-element_type=\"widget\" data-widget_type=\"heading.default\">\n\t\t\t\t<div class=\"elementor-widget-container\">\n\t\t\t<h2 class=\"elementor-heading-title elementor-size-medium\">DIESEL TOUTES SAISONS<\/h2>\t\t<\/div>\n\t\t\t\t<\/div>\n\t\t\t\t<div class=\"elementor-element elementor-element-b0b3bdf elementor-widget elementor-widget-heading\" data-id=\"b0b3bdf\" data-element_type=\"widget\" data-widget_type=\"heading.default\">\n\t\t\t\t<div class=\"elementor-widget-container\">\n\t\t\t<h2 class=\"elementor-heading-title elementor-size-small\">Id\u00e9al pour les machines \u00e0 moteur<\/h2>\t\t<\/div>\n\t\t\t\t<\/div>\n\t\t\t\t<div class=\"elementor-element elementor-element-b3c74c2 elementor-widget elementor-widget-text-editor\" data-id=\"b3c74c2\" data-element_type=\"widget\" data-widget_type=\"text-editor.default\">\n\t\t\t\t<div class=\"elementor-widget-container\">\n\t\t\t\t\t<div class=\"elementor-text-editor elementor-clearfix\"><p style=\"text-align: justify;\"><span style=\"font-size: 14pt;\">Notre diesel toutes saisons offre tout ce dont a besoin un moteur diesel exigeant. Il convient, en raison de ses propri\u00e9t\u00e9s qualita-tives, \u00e0 une utilisation dans les moteurs les plus modernes avec des filtres \u00e0 particules fines. Ce carburant r\u00e9siste bien au froid (jusqu\u2019\u00e0 -20\u00b0C) et a une teneur maximale en soufre de 10 ppm (0,001%), ce qui correspond aux normes.<\/span><\/p><\/div>\n\t\t\t\t<\/div>\n\t\t\t\t<\/div>\n\t\t\t\t\t<\/div>\n\t\t<\/div>\n\t\t\t\t\t\t\t<\/div>\n\t\t<\/section>\n\t\t\t\t<section class=\"elementor-section elementor-top-section elementor-element elementor-element-8fde45e elementor-section-boxed elementor-section-height-default elementor-section-height-default\" data-id=\"8fde45e\" data-element_type=\"section\" data-settings=\"{&quot;ekit_has_onepagescroll_dot&quot;:&quot;yes&quot;}\">\n\t\t\t\t\t\t<div class=\"elementor-container elementor-column-gap-default\">\n\t\t\t\t\t<div class=\"elementor-column elementor-col-33 elementor-top-column elementor-element elementor-element-1106dd5\" data-id=\"1106dd5\" data-element_type=\"column\">\n\t\t\t<div class=\"elementor-widget-wrap elementor-element-populated\">\n\t\t\t\t\t\t\t\t<div class=\"elementor-element elementor-element-627108a elementor-widget elementor-widget-image\" data-id=\"627108a\" data-element_type=\"widget\" data-widget_type=\"image.default\">\n\t\t\t\t<div class=\"elementor-widget-container\">\n\t\t\t\t\t<div class=\"elementor-image\">\n\t\t\t\t\t\t\t\t\t\t<img loading=\"lazy\" decoding=\"async\" width=\"85\" height=\"74\" src=\"https:\/\/barlateysarl.ch\/wp-content\/uploads\/2021\/03\/Icon4.png\" class=\"attachment-large size-large\" alt=\"\" \/>\t\t\t\t\t\t\t\t\t\t\t<\/div>\n\t\t\t\t<\/div>\n\t\t\t\t<\/div>\n\t\t\t\t<div class=\"elementor-element elementor-element-c7ec106 elementor-widget elementor-widget-heading\" data-id=\"c7ec106\" data-element_type=\"widget\" data-widget_type=\"heading.default\">\n\t\t\t\t<div class=\"elementor-widget-container\">\n\t\t\t<h2 class=\"elementor-heading-title elementor-size-medium\">SP95 et SP98<\/h2>\t\t<\/div>\n\t\t\t\t<\/div>\n\t\t\t\t<div class=\"elementor-element elementor-element-2a616a1 elementor-widget elementor-widget-heading\" data-id=\"2a616a1\" data-element_type=\"widget\" data-widget_type=\"heading.default\">\n\t\t\t\t<div class=\"elementor-widget-container\">\n\t\t\t<h2 class=\"elementor-heading-title elementor-size-small\">Pour votre station-service ou vos citernes d\u2019entreprise.<\/h2>\t\t<\/div>\n\t\t\t\t<\/div>\n\t\t\t\t<div class=\"elementor-element elementor-element-dd04cbc elementor-widget elementor-widget-text-editor\" data-id=\"dd04cbc\" data-element_type=\"widget\" data-widget_type=\"text-editor.default\">\n\t\t\t\t<div class=\"elementor-widget-container\">\n\t\t\t\t\t<div class=\"elementor-text-editor elementor-clearfix\"><p style=\"text-align: justify;\"><span style=\"font-size: 14pt;\">L\u2019essence est produite par distillation du p\u00e9trole brut aboutissant \u00e0 des fractions qui sont ensuite trait\u00e9es par conversion pour obtenir divers composants. Ceux-ci, m\u00e9lang\u00e9s dans des rapports donn\u00e9s, donnent un produit final. C\u2019est le carburant le plus utilis\u00e9 en Suisse. Nous proposons 2 sortes d\u2019essences sans plomb : l\u2019essence pr\u00e9sentant un indice d\u2019octane de 95 et l\u2019essence pr\u00e9sentant un indice d\u2019octane de 98.<\/span><\/p><\/div>\n\t\t\t\t<\/div>\n\t\t\t\t<\/div>\n\t\t\t\t\t<\/div>\n\t\t<\/div>\n\t\t\t\t<div class=\"elementor-column elementor-col-66 elementor-top-column elementor-element elementor-element-7a0ff60\" data-id=\"7a0ff60\" data-element_type=\"column\">\n\t\t\t<div class=\"elementor-widget-wrap elementor-element-populated\">\n\t\t\t\t\t\t\t\t<div class=\"elementor-element elementor-element-1b862c6 elementor-widget elementor-widget-image\" data-id=\"1b862c6\" data-element_type=\"widget\" data-widget_type=\"image.default\">\n\t\t\t\t<div class=\"elementor-widget-container\">\n\t\t\t\t\t<div class=\"elementor-image\">\n\t\t\t\t\t\t\t\t\t\t<img loading=\"lazy\" decoding=\"async\" width=\"612\" height=\"382\" src=\"https:\/\/barlateysarl.ch\/wp-content\/uploads\/2021\/03\/004.jpeg\" class=\"attachment-large size-large\" alt=\"\" srcset=\"https:\/\/barlateysarl.ch\/wp-content\/uploads\/2021\/03\/004.jpeg 612w, https:\/\/barlateysarl.ch\/wp-content\/uploads\/2021\/03\/004-300x187.jpeg 300w\" sizes=\"auto, (max-width: 612px) 100vw, 612px\" \/>\t\t\t\t\t\t\t\t\t\t\t<\/div>\n\t\t\t\t<\/div>\n\t\t\t\t<\/div>\n\t\t\t\t\t<\/div>\n\t\t<\/div>\n\t\t\t\t\t\t\t<\/div>\n\t\t<\/section>\n\t\t\t\t\t\t<\/div>\n\t\t\t\t\t<\/div>\n\t\t","protected":false},"excerpt":{"rendered":"<p>ECO MAZOUT PAUVRE EN SOUFRE La qualit\u00e9 \u00e9cologique et \u00e9conomique L\u2019Eco-mazout pauvre en soufre est le combustible du futur gr\u00e2ce \u00e0 sa faible teneur en substances nocives et ses performances environnementales.&nbsp;Il s\u2019adapte parfaitement \u00e0 la nouvelle tech-nologie de condensation. La combustion de l\u2019Eco-mazout pauvre en soufre ne lib\u00e8re pratiquement pas de r\u00e9sidus et maintient la [&hellip;]<\/p>\n","protected":false},"author":1,"featured_media":0,"parent":0,"menu_order":0,"comment_status":"closed","ping_status":"closed","template":"","meta":{"footnotes":""},"class_list":["post-3104","page","type-page","status-publish","hentry"],"_links":{"self":[{"href":"https:\/\/barlateysarl.ch\/index.php?rest_route=\/wp\/v2\/pages\/3104","targetHints":{"allow":["GET"]}}],"collection":[{"href":"https:\/\/barlateysarl.ch\/index.php?rest_route=\/wp\/v2\/pages"}],"about":[{"href":"https:\/\/barlateysarl.ch\/index.php?rest_route=\/wp\/v2\/types\/page"}],"author":[{"embeddable":true,"href":"https:\/\/barlateysarl.ch\/index.php?rest_route=\/wp\/v2\/users\/1"}],"replies":[{"embeddable":true,"href":"https:\/\/barlateysarl.ch\/index.php?rest_route=%2Fwp%2Fv2%2Fcomments&post=3104"}],"version-history":[{"count":22,"href":"https:\/\/barlateysarl.ch\/index.php?rest_route=\/wp\/v2\/pages\/3104\/revisions"}],"predecessor-version":[{"id":4312,"href":"https:\/\/barlateysarl.ch\/index.php?rest_route=\/wp\/v2\/pages\/3104\/revisions\/4312"}],"wp:attachment":[{"href":"https:\/\/barlateysarl.ch\/index.php?rest_route=%2Fwp%2Fv2%2Fmedia&parent=3104"}],"curies":[{"name":"wp","href":"https:\/\/api.w.org\/{rel}","templated":true}]}}