{"id":2828,"date":"2021-03-24T09:15:31","date_gmt":"2021-03-24T08:15:31","guid":{"rendered":"https:\/\/barlateysarl.ch\/?page_id=2828"},"modified":"2026-02-09T10:15:42","modified_gmt":"2026-02-09T09:15:42","slug":"home6-2","status":"publish","type":"page","link":"https:\/\/barlateysarl.ch\/?page_id=2828","title":{"rendered":"Entreprise"},"content":{"rendered":"\t\t<div data-elementor-type=\"wp-page\" data-elementor-id=\"2828\" class=\"elementor elementor-2828\" data-elementor-settings=\"[]\">\n\t\t\t\t\t\t\t<div class=\"elementor-section-wrap\">\n\t\t\t\t\t\t\t<section class=\"elementor-section elementor-top-section elementor-element elementor-element-df3f8b6 elementor-section-full_width elementor-section-stretched elementor-section-height-default elementor-section-height-default\" data-id=\"df3f8b6\" data-element_type=\"section\" data-settings=\"{&quot;stretch_section&quot;:&quot;section-stretched&quot;,&quot;background_background&quot;:&quot;classic&quot;,&quot;ekit_has_onepagescroll_dot&quot;:&quot;yes&quot;}\">\n\t\t\t\t\t\t<div class=\"elementor-container elementor-column-gap-default\">\n\t\t\t\t\t<div class=\"elementor-column elementor-col-100 elementor-top-column elementor-element elementor-element-30faa6d\" data-id=\"30faa6d\" data-element_type=\"column\">\n\t\t\t<div class=\"elementor-widget-wrap elementor-element-populated\">\n\t\t\t\t\t\t\t\t<div class=\"elementor-element elementor-element-8e34d2c elementor-nav-menu--indicator-classic elementor-nav-menu--dropdown-tablet elementor-nav-menu__text-align-aside elementor-nav-menu--toggle elementor-nav-menu--burger elementor-widget elementor-widget-nav-menu\" data-id=\"8e34d2c\" data-element_type=\"widget\" data-settings=\"{&quot;layout&quot;:&quot;horizontal&quot;,&quot;toggle&quot;:&quot;burger&quot;}\" data-widget_type=\"nav-menu.default\">\n\t\t\t\t<div class=\"elementor-widget-container\">\n\t\t\t\t\t\t<nav role=\"navigation\" class=\"elementor-nav-menu--main elementor-nav-menu__container elementor-nav-menu--layout-horizontal e--pointer-underline e--animation-fade\"><ul id=\"menu-1-8e34d2c\" class=\"elementor-nav-menu\"><li class=\"menu-item menu-item-type-post_type menu-item-object-page menu-item-home menu-item-2944\"><a href=\"https:\/\/barlateysarl.ch\/\" class=\"elementor-item\">TARIFS DU JOUR<\/a><\/li>\n<li class=\"menu-item menu-item-type-post_type menu-item-object-page menu-item-3114\"><a href=\"https:\/\/barlateysarl.ch\/?page_id=2828\" class=\"elementor-item\">L&rsquo;ENTREPRISE<\/a><\/li>\n<li class=\"menu-item menu-item-type-post_type menu-item-object-page menu-item-3115\"><a href=\"https:\/\/barlateysarl.ch\/?page_id=3104\" class=\"elementor-item\">LES PRODUITS<\/a><\/li>\n<li class=\"menu-item menu-item-type-post_type menu-item-object-page menu-item-3428\"><a href=\"https:\/\/barlateysarl.ch\/?page_id=3409\" class=\"elementor-item\">ANALYSE DU MARCH\u00c9<\/a><\/li>\n<li class=\"menu-item menu-item-type-post_type menu-item-object-page menu-item-3112\"><a href=\"https:\/\/barlateysarl.ch\/?page_id=3108\" class=\"elementor-item\">FORMULAIRE DE COMMANDE<\/a><\/li>\n<li class=\"menu-item menu-item-type-post_type menu-item-object-page menu-item-3113\"><a href=\"https:\/\/barlateysarl.ch\/?page_id=3110\" class=\"elementor-item\">NOUS CONTACTER<\/a><\/li>\n<li class=\"menu-item menu-item-type-custom menu-item-object-custom menu-item-3116\"><a href=\"https:\/\/www.facebook.com\/barlateysarl\" class=\"elementor-item\">FACEBOOK<\/a><\/li>\n<\/ul><\/nav>\n\t\t\t\t\t<div class=\"elementor-menu-toggle\" role=\"button\" tabindex=\"0\" aria-label=\"Menu Toggle\" aria-expanded=\"false\">\n\t\t\t<i class=\"eicon-menu-bar\" aria-hidden=\"true\"><\/i>\n\t\t\t<span class=\"elementor-screen-only\">Menu<\/span>\n\t\t<\/div>\n\t\t\t<nav class=\"elementor-nav-menu--dropdown elementor-nav-menu__container\" role=\"navigation\" aria-hidden=\"true\"><ul id=\"menu-2-8e34d2c\" class=\"elementor-nav-menu\"><li class=\"menu-item menu-item-type-post_type menu-item-object-page menu-item-home menu-item-2944\"><a href=\"https:\/\/barlateysarl.ch\/\" class=\"elementor-item\">TARIFS DU JOUR<\/a><\/li>\n<li class=\"menu-item menu-item-type-post_type menu-item-object-page menu-item-3114\"><a href=\"https:\/\/barlateysarl.ch\/?page_id=2828\" class=\"elementor-item\">L&rsquo;ENTREPRISE<\/a><\/li>\n<li class=\"menu-item menu-item-type-post_type menu-item-object-page menu-item-3115\"><a href=\"https:\/\/barlateysarl.ch\/?page_id=3104\" class=\"elementor-item\">LES PRODUITS<\/a><\/li>\n<li class=\"menu-item menu-item-type-post_type menu-item-object-page menu-item-3428\"><a href=\"https:\/\/barlateysarl.ch\/?page_id=3409\" class=\"elementor-item\">ANALYSE DU MARCH\u00c9<\/a><\/li>\n<li class=\"menu-item menu-item-type-post_type menu-item-object-page menu-item-3112\"><a href=\"https:\/\/barlateysarl.ch\/?page_id=3108\" class=\"elementor-item\">FORMULAIRE DE COMMANDE<\/a><\/li>\n<li class=\"menu-item menu-item-type-post_type menu-item-object-page menu-item-3113\"><a href=\"https:\/\/barlateysarl.ch\/?page_id=3110\" class=\"elementor-item\">NOUS CONTACTER<\/a><\/li>\n<li class=\"menu-item menu-item-type-custom menu-item-object-custom menu-item-3116\"><a href=\"https:\/\/www.facebook.com\/barlateysarl\" class=\"elementor-item\">FACEBOOK<\/a><\/li>\n<\/ul><\/nav>\n\t\t\t\t<\/div>\n\t\t\t\t<\/div>\n\t\t\t\t\t<\/div>\n\t\t<\/div>\n\t\t\t\t\t\t\t<\/div>\n\t\t<\/section>\n\t\t\t\t<section class=\"elementor-section elementor-top-section elementor-element elementor-element-aa8e284 elementor-section-boxed elementor-section-height-default elementor-section-height-default\" data-id=\"aa8e284\" data-element_type=\"section\" data-settings=\"{&quot;ekit_has_onepagescroll_dot&quot;:&quot;yes&quot;}\">\n\t\t\t\t\t\t<div class=\"elementor-container elementor-column-gap-default\">\n\t\t\t\t\t<div class=\"elementor-column elementor-col-100 elementor-top-column elementor-element elementor-element-f694b09\" data-id=\"f694b09\" data-element_type=\"column\">\n\t\t\t<div class=\"elementor-widget-wrap elementor-element-populated\">\n\t\t\t\t\t\t\t\t<div class=\"elementor-element elementor-element-1f5e728 elementor-widget elementor-widget-spacer\" data-id=\"1f5e728\" data-element_type=\"widget\" data-widget_type=\"spacer.default\">\n\t\t\t\t<div class=\"elementor-widget-container\">\n\t\t\t\t\t<div class=\"elementor-spacer\">\n\t\t\t<div class=\"elementor-spacer-inner\"><\/div>\n\t\t<\/div>\n\t\t\t\t<\/div>\n\t\t\t\t<\/div>\n\t\t\t\t<div class=\"elementor-element elementor-element-0a06e9c elementor-headline--style-highlight elementor-widget elementor-widget-animated-headline\" data-id=\"0a06e9c\" data-element_type=\"widget\" data-settings=\"{&quot;highlighted_text&quot;:&quot;L&#039;ENTREPRISE&quot;,&quot;headline_style&quot;:&quot;highlight&quot;,&quot;marker&quot;:&quot;circle&quot;}\" data-widget_type=\"animated-headline.default\">\n\t\t\t\t<div class=\"elementor-widget-container\">\n\t\t\t\t\t<h3 class=\"elementor-headline\">\n\t\t\t\t\t\t<span class=\"elementor-headline-dynamic-wrapper elementor-headline-text-wrapper\"><\/span>\n\t\t\t\t\t<\/h3>\n\t\t\t\t<\/div>\n\t\t\t\t<\/div>\n\t\t\t\t<div class=\"elementor-element elementor-element-a16d242 elementor-widget elementor-widget-spacer\" data-id=\"a16d242\" data-element_type=\"widget\" data-widget_type=\"spacer.default\">\n\t\t\t\t<div class=\"elementor-widget-container\">\n\t\t\t\t\t<div class=\"elementor-spacer\">\n\t\t\t<div class=\"elementor-spacer-inner\"><\/div>\n\t\t<\/div>\n\t\t\t\t<\/div>\n\t\t\t\t<\/div>\n\t\t\t\t\t<\/div>\n\t\t<\/div>\n\t\t\t\t\t\t\t<\/div>\n\t\t<\/section>\n\t\t\t\t<section class=\"elementor-section elementor-top-section elementor-element elementor-element-83fb010 elementor-section-boxed elementor-section-height-default elementor-section-height-default\" data-id=\"83fb010\" data-element_type=\"section\" data-settings=\"{&quot;ekit_has_onepagescroll_dot&quot;:&quot;yes&quot;}\">\n\t\t\t\t\t\t<div class=\"elementor-container elementor-column-gap-default\">\n\t\t\t\t\t<div class=\"elementor-column elementor-col-33 elementor-top-column elementor-element elementor-element-9cd4609\" data-id=\"9cd4609\" data-element_type=\"column\">\n\t\t\t<div class=\"elementor-widget-wrap elementor-element-populated\">\n\t\t\t\t\t\t\t\t<div class=\"elementor-element elementor-element-b9d2aea elementor-widget elementor-widget-text-editor\" data-id=\"b9d2aea\" data-element_type=\"widget\" data-widget_type=\"text-editor.default\">\n\t\t\t\t<div class=\"elementor-widget-container\">\n\t\t\t\t\t<div class=\"elementor-text-editor elementor-clearfix\"><p class=\"p1\" style=\"text-align: justify;\"><span style=\"color: #000000; font-size: 14pt;\">En qualit\u00e9 de Directeur, <strong>Romain Perriard<\/strong> s\u2019emploie \u00e0 perp\u00e9tuer ce que la soci\u00e9t\u00e9 Barlatey S\u00e0rl a mis en place pour sa fid\u00e8le client\u00e8le et met tout en oeuvre pour la satisfaire.<\/span><\/p><p class=\"p1\" style=\"text-align: justify;\"><span style=\"color: #000000; font-size: 14pt;\">Des conseils d\u2019achat avis\u00e9s et 27 ans d\u2019exp\u00e9rience dans la r\u00e9gion font de Barlatey S\u00e0rl un acteur majeur de la r\u00e9gion pour les huiles de chauffage et les carburants.<\/span><\/p><p class=\"p1\" style=\"text-align: justify;\"><span style=\"color: #000000; font-size: 14pt;\">Nous approvisionnons les particuliers et les entreprises principalement dans le canton du Valais mais \u00e9galement dans tout le Chablais et la Suisse.<\/span><\/p><p class=\"p1\" style=\"text-align: justify;\"><span style=\"color: #000000; font-size: 14pt;\">Nous nous diff\u00e9rencions aujourd\u2019hui des grandes enseignes par nos conditions, notre rapidit\u00e9 et notre qualit\u00e9 de livraison.<\/span><\/p><p class=\"p1\" style=\"text-align: justify;\"><span style=\"color: #000000; font-size: 14pt;\">Nos prestations sont notamment appr\u00e9ci\u00e9es par nos clients pour notre proximit\u00e9 et notre savoir-faire qui s\u2019adaptent \u00e0 chaque demande ainsi que la relation personnelle privil\u00e9gi\u00e8re avec les prix avantageux que nous leur garantissons.<\/span><\/p><p class=\"p1\" style=\"text-align: justify;\"><span style=\"color: #000000; font-size: 14pt;\">De nombreux partenaires professionnels ach\u00e8tent leur \u00e9nergie de chauffage et\/ou leurs carburants chez Barlatey S\u00e0rl et nous nous r\u00e9jouissons sinc\u00e8rement de pouvoir profiter de nouvelles collaborations que nous saurons entretenir \u00e0 long terme.<\/span><\/p><p class=\"p1\" style=\"text-align: justify;\"><span style=\"color: #000000; font-size: 14pt;\">Nous nous soucions de maintenir un service d\u2019excellence au meilleur prix.<\/span><\/p><\/div>\n\t\t\t\t<\/div>\n\t\t\t\t<\/div>\n\t\t\t\t\t<\/div>\n\t\t<\/div>\n\t\t\t\t<div class=\"elementor-column elementor-col-66 elementor-top-column elementor-element elementor-element-789b50c\" data-id=\"789b50c\" data-element_type=\"column\">\n\t\t\t<div class=\"elementor-widget-wrap elementor-element-populated\">\n\t\t\t\t\t\t\t\t<div class=\"elementor-element elementor-element-13c85be elementor-widget elementor-widget-image\" data-id=\"13c85be\" data-element_type=\"widget\" data-widget_type=\"image.default\">\n\t\t\t\t<div class=\"elementor-widget-container\">\n\t\t\t\t\t<div class=\"elementor-image\">\n\t\t\t\t\t\t\t\t\t\t<img loading=\"lazy\" decoding=\"async\" width=\"960\" height=\"720\" src=\"https:\/\/barlateysarl.ch\/wp-content\/uploads\/2021\/03\/camion-3-Barlatey-Sa\u0300rl.jpg\" class=\"attachment-large size-large\" alt=\"\" srcset=\"https:\/\/barlateysarl.ch\/wp-content\/uploads\/2021\/03\/camion-3-Barlatey-Sa\u0300rl.jpg 960w, https:\/\/barlateysarl.ch\/wp-content\/uploads\/2021\/03\/camion-3-Barlatey-Sa\u0300rl-300x225.jpg 300w, https:\/\/barlateysarl.ch\/wp-content\/uploads\/2021\/03\/camion-3-Barlatey-Sa\u0300rl-768x576.jpg 768w\" sizes=\"auto, (max-width: 960px) 100vw, 960px\" \/>\t\t\t\t\t\t\t\t\t\t\t<\/div>\n\t\t\t\t<\/div>\n\t\t\t\t<\/div>\n\t\t\t\t\t<\/div>\n\t\t<\/div>\n\t\t\t\t\t\t\t<\/div>\n\t\t<\/section>\n\t\t\t\t<section class=\"elementor-section elementor-top-section elementor-element elementor-element-e85e77d elementor-section-boxed elementor-section-height-default elementor-section-height-default\" data-id=\"e85e77d\" data-element_type=\"section\" data-settings=\"{&quot;ekit_has_onepagescroll_dot&quot;:&quot;yes&quot;}\">\n\t\t\t\t\t\t<div class=\"elementor-container elementor-column-gap-default\">\n\t\t\t\t\t<div class=\"elementor-column elementor-col-50 elementor-top-column elementor-element elementor-element-6e7bbfb\" data-id=\"6e7bbfb\" data-element_type=\"column\">\n\t\t\t<div class=\"elementor-widget-wrap elementor-element-populated\">\n\t\t\t\t\t\t\t\t<div class=\"elementor-element elementor-element-f7d49cd elementor-widget elementor-widget-image\" data-id=\"f7d49cd\" data-element_type=\"widget\" data-widget_type=\"image.default\">\n\t\t\t\t<div class=\"elementor-widget-container\">\n\t\t\t\t\t<div class=\"elementor-image\">\n\t\t\t\t\t\t\t\t\t\t<img loading=\"lazy\" decoding=\"async\" width=\"543\" height=\"697\" src=\"https:\/\/barlateysarl.ch\/wp-content\/uploads\/2024\/09\/barlatey-1-1-1.png\" class=\"attachment-large size-large\" alt=\"\" srcset=\"https:\/\/barlateysarl.ch\/wp-content\/uploads\/2024\/09\/barlatey-1-1-1.png 543w, https:\/\/barlateysarl.ch\/wp-content\/uploads\/2024\/09\/barlatey-1-1-1-234x300.png 234w\" sizes=\"auto, (max-width: 543px) 100vw, 543px\" \/>\t\t\t\t\t\t\t\t\t\t\t<\/div>\n\t\t\t\t<\/div>\n\t\t\t\t<\/div>\n\t\t\t\t\t<\/div>\n\t\t<\/div>\n\t\t\t\t<div class=\"elementor-column elementor-col-50 elementor-top-column elementor-element elementor-element-3d0eb0b\" data-id=\"3d0eb0b\" data-element_type=\"column\">\n\t\t\t<div class=\"elementor-widget-wrap elementor-element-populated\">\n\t\t\t\t\t\t\t\t<div class=\"elementor-element elementor-element-2bb10f1 elementor--h-position-center elementor--v-position-middle elementor-arrows-position-inside elementor-pagination-position-inside elementor-widget elementor-widget-slides\" data-id=\"2bb10f1\" data-element_type=\"widget\" data-settings=\"{&quot;navigation&quot;:&quot;both&quot;,&quot;autoplay&quot;:&quot;yes&quot;,&quot;pause_on_hover&quot;:&quot;yes&quot;,&quot;pause_on_interaction&quot;:&quot;yes&quot;,&quot;autoplay_speed&quot;:5000,&quot;infinite&quot;:&quot;yes&quot;,&quot;transition&quot;:&quot;slide&quot;,&quot;transition_speed&quot;:500}\" data-widget_type=\"slides.default\">\n\t\t\t\t<div class=\"elementor-widget-container\">\n\t\t\t\t\t<div class=\"elementor-swiper\">\n\t\t\t<div class=\"elementor-slides-wrapper elementor-main-swiper swiper-container\" dir=\"ltr\" data-animation=\"fadeInUp\">\n\t\t\t\t<div class=\"swiper-wrapper elementor-slides\">\n\t\t\t\t\t<div class=\"elementor-repeater-item-f5cac7c swiper-slide\"><div class=\"swiper-slide-bg\"><\/div><div class=\"swiper-slide-inner\" ><div class=\"swiper-slide-contents\"><\/div><\/div><\/div><div class=\"elementor-repeater-item-b57e14d swiper-slide\"><div class=\"swiper-slide-bg\"><\/div><div class=\"swiper-slide-inner\" ><div class=\"swiper-slide-contents\"><\/div><\/div><\/div>\t\t\t\t<\/div>\n\t\t\t\t\t\t\t\t\t\t\t\t\t\t\t<div class=\"swiper-pagination\"><\/div>\n\t\t\t\t\t\t\t\t\t\t\t\t\t\t\t\t<div class=\"elementor-swiper-button elementor-swiper-button-prev\">\n\t\t\t\t\t\t\t<i class=\"eicon-chevron-left\" aria-hidden=\"true\"><\/i>\n\t\t\t\t\t\t\t<span class=\"elementor-screen-only\">Previous<\/span>\n\t\t\t\t\t\t<\/div>\n\t\t\t\t\t\t<div class=\"elementor-swiper-button elementor-swiper-button-next\">\n\t\t\t\t\t\t\t<i class=\"eicon-chevron-right\" aria-hidden=\"true\"><\/i>\n\t\t\t\t\t\t\t<span class=\"elementor-screen-only\">Next<\/span>\n\t\t\t\t\t\t<\/div>\n\t\t\t\t\t\t\t\t\t\t\t\t<\/div>\n\t\t<\/div>\n\t\t\t\t<\/div>\n\t\t\t\t<\/div>\n\t\t\t\t\t<\/div>\n\t\t<\/div>\n\t\t\t\t\t\t\t<\/div>\n\t\t<\/section>\n\t\t\t\t\t\t<\/div>\n\t\t\t\t\t<\/div>\n\t\t","protected":false},"excerpt":{"rendered":"<p>En qualit\u00e9 de Directeur, Romain Perriard s\u2019emploie \u00e0 perp\u00e9tuer ce que la soci\u00e9t\u00e9 Barlatey S\u00e0rl a mis en place pour sa fid\u00e8le client\u00e8le et met tout en oeuvre pour la satisfaire. Des conseils d\u2019achat avis\u00e9s et 27 ans d\u2019exp\u00e9rience dans la r\u00e9gion font de Barlatey S\u00e0rl un acteur majeur de la r\u00e9gion pour les huiles [&hellip;]<\/p>\n","protected":false},"author":1,"featured_media":0,"parent":0,"menu_order":0,"comment_status":"closed","ping_status":"closed","template":"","meta":{"footnotes":""},"class_list":["post-2828","page","type-page","status-publish","hentry"],"_links":{"self":[{"href":"https:\/\/barlateysarl.ch\/index.php?rest_route=\/wp\/v2\/pages\/2828","targetHints":{"allow":["GET"]}}],"collection":[{"href":"https:\/\/barlateysarl.ch\/index.php?rest_route=\/wp\/v2\/pages"}],"about":[{"href":"https:\/\/barlateysarl.ch\/index.php?rest_route=\/wp\/v2\/types\/page"}],"author":[{"embeddable":true,"href":"https:\/\/barlateysarl.ch\/index.php?rest_route=\/wp\/v2\/users\/1"}],"replies":[{"embeddable":true,"href":"https:\/\/barlateysarl.ch\/index.php?rest_route=%2Fwp%2Fv2%2Fcomments&post=2828"}],"version-history":[{"count":101,"href":"https:\/\/barlateysarl.ch\/index.php?rest_route=\/wp\/v2\/pages\/2828\/revisions"}],"predecessor-version":[{"id":5187,"href":"https:\/\/barlateysarl.ch\/index.php?rest_route=\/wp\/v2\/pages\/2828\/revisions\/5187"}],"wp:attachment":[{"href":"https:\/\/barlateysarl.ch\/index.php?rest_route=%2Fwp%2Fv2%2Fmedia&parent=2828"}],"curies":[{"name":"wp","href":"https:\/\/api.w.org\/{rel}","templated":true}]}}